{"id":102,"date":"2020-07-24T01:03:57","date_gmt":"2020-07-24T06:03:57","guid":{"rendered":"http:\/\/testing.compilaideas.com\/nogalia\/?page_id=102"},"modified":"2023-09-02T17:42:42","modified_gmt":"2023-09-02T22:42:42","slug":"acerca-de","status":"publish","type":"page","link":"https:\/\/testing.vps101551.mylogin.co\/nogalia21\/acerca-de\/","title":{"rendered":"Acerca de"},"content":{"rendered":"\n<h2 class=\"wp-block-heading\">Nogalia<\/h2>\n\n\n\n<h3 class=\"wp-block-heading\">M\u00e1s de 80 a\u00f1os de dulce tradici\u00f3n<\/h3>\n\n\n\n<p>Nogalia somos la tercera generaci\u00f3n de confiteros y chocolateros. Nuestros or\u00edgenes se remontan a 1950 con Gregoria Zamora, \u201cGoyita manos de dulce\u201d, fundadora de un pr\u00f3spero negocio de confiter\u00eda t\u00edpica. Creadora de recetas ic\u00f3nicas como el dulce de leche con pasta fina de nuez, dulce de pi\u00f1\u00f3n entre muchos otros.<\/p>\n\n\n\n<p>Herederos de esta dulce tradici\u00f3n, continuamos con la misma pasi\u00f3n, calidad y empe\u00f1o desde hace 7 d\u00e9cadas.<\/p>\n\n\n\n<h3 class=\"wp-block-heading\">Ingredientes, recetas y tecnolog\u00eda<\/h3>\n\n\n\n<p>En Nogalia se combinan los mejores ingredientes para ofrecer a cada cliente una experiencia \u00fanica. Transformamos a trav\u00e9s de recetas cacao mexicano de origen, frutos secos y de temporada para crear dulces y chocolates inolvidables. Nuestra confiter\u00eda se fabrica con la m\u00e1s alta tecnol\u00f3gica de producci\u00f3n artesanal, garantizando un producto inocuo y de la m\u00e1s alta calidad.<\/p>\n\n\n\n<h3 class=\"wp-block-heading\"><strong>Para los momentos m\u00e1s dulces de la vida<\/strong><\/h3>\n\n\n\n<p>La vida est\u00e1 llena de dulces momentos. Celebrar la llegada de un nuevo beb\u00e9, estar reunidos en navidad, reconocer a nuestros amigos y colegas, enamorar a esa persona especial. Nogalia con sus presentaciones estacionales y de regalo siempre te acompa\u00f1a<\/p>\n\n\n\n<figure class=\"wp-block-gallery has-nested-images columns-default is-cropped wp-block-gallery-1 is-layout-flex wp-block-gallery-is-layout-flex\">\n<figure class=\"wp-block-image size-full\"><a href=\"https:\/\/testing.vps101551.mylogin.co\/nogalia21\/wp-content\/uploads\/2021\/03\/nogalia-Orangettes.jpg\"><img loading=\"lazy\" decoding=\"async\" width=\"900\" height=\"900\" data-id=\"272\" src=\"https:\/\/testing.vps101551.mylogin.co\/nogalia21\/wp-content\/uploads\/2021\/03\/nogalia-Orangettes.jpg\" alt=\"\" class=\"wp-image-272\" srcset=\"https:\/\/testing.vps101551.mylogin.co\/nogalia21\/wp-content\/uploads\/2021\/03\/nogalia-Orangettes.jpg 900w, https:\/\/testing.vps101551.mylogin.co\/nogalia21\/wp-content\/uploads\/2021\/03\/nogalia-Orangettes-320x320.jpg 320w, https:\/\/testing.vps101551.mylogin.co\/nogalia21\/wp-content\/uploads\/2021\/03\/nogalia-Orangettes-100x100.jpg 100w, https:\/\/testing.vps101551.mylogin.co\/nogalia21\/wp-content\/uploads\/2021\/03\/nogalia-Orangettes-768x768.jpg 768w, https:\/\/testing.vps101551.mylogin.co\/nogalia21\/wp-content\/uploads\/2021\/03\/nogalia-Orangettes-300x300.jpg 300w, https:\/\/testing.vps101551.mylogin.co\/nogalia21\/wp-content\/uploads\/2021\/03\/nogalia-Orangettes-150x150.jpg 150w, https:\/\/testing.vps101551.mylogin.co\/nogalia21\/wp-content\/uploads\/2021\/03\/nogalia-Orangettes-120x120.jpg 120w\" sizes=\"auto, (max-width: 900px) 100vw, 900px\" \/><\/a><\/figure>\n\n\n\n<figure class=\"wp-block-image size-full\"><a href=\"https:\/\/testing.vps101551.mylogin.co\/nogalia21\/wp-content\/uploads\/2021\/01\/nogalia-avellanas-matcha-Cero-Azucar.jpg\"><img loading=\"lazy\" decoding=\"async\" width=\"900\" height=\"900\" data-id=\"240\" src=\"https:\/\/testing.vps101551.mylogin.co\/nogalia21\/wp-content\/uploads\/2021\/01\/nogalia-avellanas-matcha-Cero-Azucar.jpg\" alt=\"\" class=\"wp-image-240\" srcset=\"https:\/\/testing.vps101551.mylogin.co\/nogalia21\/wp-content\/uploads\/2021\/01\/nogalia-avellanas-matcha-Cero-Azucar.jpg 900w, https:\/\/testing.vps101551.mylogin.co\/nogalia21\/wp-content\/uploads\/2021\/01\/nogalia-avellanas-matcha-Cero-Azucar-320x320.jpg 320w, https:\/\/testing.vps101551.mylogin.co\/nogalia21\/wp-content\/uploads\/2021\/01\/nogalia-avellanas-matcha-Cero-Azucar-100x100.jpg 100w, https:\/\/testing.vps101551.mylogin.co\/nogalia21\/wp-content\/uploads\/2021\/01\/nogalia-avellanas-matcha-Cero-Azucar-768x768.jpg 768w, https:\/\/testing.vps101551.mylogin.co\/nogalia21\/wp-content\/uploads\/2021\/01\/nogalia-avellanas-matcha-Cero-Azucar-300x300.jpg 300w, https:\/\/testing.vps101551.mylogin.co\/nogalia21\/wp-content\/uploads\/2021\/01\/nogalia-avellanas-matcha-Cero-Azucar-150x150.jpg 150w, https:\/\/testing.vps101551.mylogin.co\/nogalia21\/wp-content\/uploads\/2021\/01\/nogalia-avellanas-matcha-Cero-Azucar-120x120.jpg 120w\" sizes=\"auto, (max-width: 900px) 100vw, 900px\" \/><\/a><\/figure>\n\n\n\n<figure class=\"wp-block-image size-full\"><a href=\"https:\/\/testing.vps101551.mylogin.co\/nogalia21\/wp-content\/uploads\/2021\/03\/nogalia-Tortugon-de-almendra.jpg\"><img loading=\"lazy\" decoding=\"async\" width=\"900\" height=\"900\" data-id=\"277\" src=\"https:\/\/testing.vps101551.mylogin.co\/nogalia21\/wp-content\/uploads\/2021\/03\/nogalia-Tortugon-de-almendra.jpg\" alt=\"\" class=\"wp-image-277\" srcset=\"https:\/\/testing.vps101551.mylogin.co\/nogalia21\/wp-content\/uploads\/2021\/03\/nogalia-Tortugon-de-almendra.jpg 900w, https:\/\/testing.vps101551.mylogin.co\/nogalia21\/wp-content\/uploads\/2021\/03\/nogalia-Tortugon-de-almendra-320x320.jpg 320w, https:\/\/testing.vps101551.mylogin.co\/nogalia21\/wp-content\/uploads\/2021\/03\/nogalia-Tortugon-de-almendra-100x100.jpg 100w, https:\/\/testing.vps101551.mylogin.co\/nogalia21\/wp-content\/uploads\/2021\/03\/nogalia-Tortugon-de-almendra-768x768.jpg 768w, https:\/\/testing.vps101551.mylogin.co\/nogalia21\/wp-content\/uploads\/2021\/03\/nogalia-Tortugon-de-almendra-300x300.jpg 300w, https:\/\/testing.vps101551.mylogin.co\/nogalia21\/wp-content\/uploads\/2021\/03\/nogalia-Tortugon-de-almendra-150x150.jpg 150w, https:\/\/testing.vps101551.mylogin.co\/nogalia21\/wp-content\/uploads\/2021\/03\/nogalia-Tortugon-de-almendra-120x120.jpg 120w\" sizes=\"auto, (max-width: 900px) 100vw, 900px\" \/><\/a><\/figure>\n<\/figure>\n\n\n\n<p class=\"has-text-align-left\">Nos Fascina <strong>crear confiter\u00eda a partir de sabores puros<\/strong>, hechos con ingredientes naturales y reales. <strong>Fabricamos nuestros productos<\/strong> en lotes peque\u00f1os garantizando un sabor y frescura inigualables.<\/p>\n\n\n\n<div style=\"height:100px\" aria-hidden=\"true\" class=\"wp-block-spacer\"><\/div>\n\n\n\n<h3 class=\"wp-block-heading has-text-align-center\">\u00a1Regalar Nunca fue tan emocionante!<\/h3>\n\n\n\n<div style=\"height:100px\" aria-hidden=\"true\" class=\"wp-block-spacer\"><\/div>\n\n\n\n<div class=\"wp-block-media-text alignwide is-stacked-on-mobile is-vertically-aligned-center is-image-fill\"><figure class=\"wp-block-media-text__media\" style=\"background-image:url(https:\/\/testing.vps101551.mylogin.co\/nogalia21\/wp-content\/uploads\/2021\/03\/nogalia-confiteria-fina-regalos-chocolates-gourmet-1024x662.jpg);background-position:44% 57%\"><a href=\"https:\/\/testing.vps101551.mylogin.co\/nogalia21\/wp-content\/uploads\/2021\/03\/nogalia-confiteria-fina-regalos-chocolates-gourmet.jpg\"><img loading=\"lazy\" decoding=\"async\" width=\"1024\" height=\"662\" src=\"https:\/\/testing.vps101551.mylogin.co\/nogalia21\/wp-content\/uploads\/2021\/03\/nogalia-confiteria-fina-regalos-chocolates-gourmet-1024x662.jpg\" alt=\"\" class=\"wp-image-143 size-full\" srcset=\"https:\/\/testing.vps101551.mylogin.co\/nogalia21\/wp-content\/uploads\/2021\/03\/nogalia-confiteria-fina-regalos-chocolates-gourmet-1024x662.jpg 1024w, https:\/\/testing.vps101551.mylogin.co\/nogalia21\/wp-content\/uploads\/2021\/03\/nogalia-confiteria-fina-regalos-chocolates-gourmet-900x582.jpg 900w, https:\/\/testing.vps101551.mylogin.co\/nogalia21\/wp-content\/uploads\/2021\/03\/nogalia-confiteria-fina-regalos-chocolates-gourmet-300x194.jpg 300w, https:\/\/testing.vps101551.mylogin.co\/nogalia21\/wp-content\/uploads\/2021\/03\/nogalia-confiteria-fina-regalos-chocolates-gourmet-768x497.jpg 768w, https:\/\/testing.vps101551.mylogin.co\/nogalia21\/wp-content\/uploads\/2021\/03\/nogalia-confiteria-fina-regalos-chocolates-gourmet.jpg 1463w\" sizes=\"auto, (max-width: 1024px) 100vw, 1024px\" \/><\/a><\/figure><div class=\"wp-block-media-text__content\">\n<p class=\"has-large-font-size\">Tradici\u00f3n y tecnolog\u00eda<\/p>\n\n\n\n<p><strong>Nuestras recetas son la fusi\u00f3n<\/strong> de t\u00e9cnicas tradicionales y tecnolog\u00eda de fabricaci\u00f3n de alimentos, logrando confiter\u00eda de alta gama, para los consumidores m\u00e1s exigentes. <strong>Nuestro portafolio de m\u00e1s de 40 productos <\/strong>incluye especialidades de chocolate, dulces sin az\u00facar, gomitas a base de pectina para veganos, y chocolater\u00eda con alto porcentaje de cacao para dietas cetog\u00e9nicas.<\/p>\n<\/div><\/div>\n\n\n\n<div style=\"height:100px\" aria-hidden=\"true\" class=\"wp-block-spacer\"><\/div>\n\n\n\n<p class=\"has-text-align-center\">Contamos con un \u00e1rea de<strong> investigaci\u00f3n y desarrollo<\/strong>, donde diariamente elaboramos nuevos productos.<\/p>\n\n\n\n<div style=\"height:100px\" aria-hidden=\"true\" class=\"wp-block-spacer\"><\/div>\n\n\n\n<div class=\"wp-block-buttons is-horizontal is-content-justification-center is-layout-flex wp-container-core-buttons-is-layout-499968f5 wp-block-buttons-is-layout-flex\">\n<div class=\"wp-block-button\"><a class=\"wp-block-button__link has-background wp-element-button\" href=\"https:\/\/testing.vps101551.mylogin.co\/nogalia21\/tienda-en-linea\/\" style=\"background-color:#db2757\">Ver cat\u00e1logo de productos<\/a><\/div>\n<\/div>\n","protected":false},"excerpt":{"rendered":"<p>Nogalia M\u00e1s de 80 a\u00f1os de dulce tradici\u00f3n Nogalia somos la tercera generaci\u00f3n de confiteros y chocolateros. Nuestros or\u00edgenes se remontan a 1950 con Gregoria Zamora, \u201cGoyita manos de dulce\u201d, fundadora de un pr\u00f3spero negocio de confiter\u00eda t\u00edpica. Creadora de recetas ic\u00f3nicas como el dulce de leche con pasta fina de nuez, dulce de pi\u00f1\u00f3n [&hellip;]<\/p>\n","protected":false},"author":1,"featured_media":0,"parent":0,"menu_order":0,"comment_status":"closed","ping_status":"closed","template":"","meta":{"footnotes":""},"class_list":["grid-item","post-102","page","type-page","status-publish","hentry"],"yoast_head":"<!-- This site is optimized with the Yoast SEO plugin v27.4 - https:\/\/yoast.com\/product\/yoast-seo-wordpress\/ -->\n<title>Acerca de &#187; Nogalia - Confiter\u00eda Fina<\/title>\n<meta name=\"description\" content=\"Nuestras recetas son la fusi\u00f3n de t\u00e9cnicas tradicionales y tecnolog\u00eda de fabricaci\u00f3n de dulces, logrando confiter\u00eda de alta gama y experiencia de sabores.\" \/>\n<meta name=\"robots\" content=\"noindex, follow, max-snippet:-1, max-image-preview:large, max-video-preview:-1\" \/>\n<meta property=\"og:locale\" content=\"es_MX\" \/>\n<meta property=\"og:type\" content=\"article\" \/>\n<meta property=\"og:title\" content=\"Acerca de &#187; Nogalia - Confiter\u00eda Fina\" \/>\n<meta property=\"og:description\" content=\"Nuestras recetas son la fusi\u00f3n de t\u00e9cnicas tradicionales y tecnolog\u00eda de fabricaci\u00f3n de dulces, logrando confiter\u00eda de alta gama y experiencia de sabores.\" \/>\n<meta property=\"og:url\" content=\"https:\/\/testing.vps101551.mylogin.co\/nogalia21\/acerca-de\/\" \/>\n<meta property=\"og:site_name\" content=\"Nogalia\" \/>\n<meta property=\"article:publisher\" content=\"https:\/\/www.facebook.com\/Nogaliaconfiteria\" \/>\n<meta property=\"article:modified_time\" content=\"2023-09-02T22:42:42+00:00\" \/>\n<meta property=\"og:image\" content=\"https:\/\/testing.vps101551.mylogin.co\/nogalia21\/wp-content\/uploads\/2021\/03\/nogalia-Orangettes.jpg\" \/>\n<meta name=\"twitter:card\" content=\"summary_large_image\" \/>\n<meta name=\"twitter:label1\" content=\"Tiempo de lectura\" \/>\n\t<meta name=\"twitter:data1\" content=\"2 minutos\" \/>\n<script type=\"application\/ld+json\" class=\"yoast-schema-graph\">{\"@context\":\"https:\\\/\\\/schema.org\",\"@graph\":[{\"@type\":\"WebPage\",\"@id\":\"https:\\\/\\\/testing.vps101551.mylogin.co\\\/nogalia21\\\/acerca-de\\\/\",\"url\":\"https:\\\/\\\/testing.vps101551.mylogin.co\\\/nogalia21\\\/acerca-de\\\/\",\"name\":\"Acerca de &#187; Nogalia - Confiter\u00eda Fina\",\"isPartOf\":{\"@id\":\"https:\\\/\\\/testing.vps101551.mylogin.co\\\/nogalia21\\\/#website\"},\"primaryImageOfPage\":{\"@id\":\"https:\\\/\\\/testing.vps101551.mylogin.co\\\/nogalia21\\\/acerca-de\\\/#primaryimage\"},\"image\":{\"@id\":\"https:\\\/\\\/testing.vps101551.mylogin.co\\\/nogalia21\\\/acerca-de\\\/#primaryimage\"},\"thumbnailUrl\":\"https:\\\/\\\/testing.vps101551.mylogin.co\\\/nogalia21\\\/wp-content\\\/uploads\\\/2021\\\/03\\\/nogalia-Orangettes.jpg\",\"datePublished\":\"2020-07-24T06:03:57+00:00\",\"dateModified\":\"2023-09-02T22:42:42+00:00\",\"description\":\"Nuestras recetas son la fusi\u00f3n de t\u00e9cnicas tradicionales y tecnolog\u00eda de fabricaci\u00f3n de dulces, logrando confiter\u00eda de alta gama y experiencia de sabores.\",\"breadcrumb\":{\"@id\":\"https:\\\/\\\/testing.vps101551.mylogin.co\\\/nogalia21\\\/acerca-de\\\/#breadcrumb\"},\"inLanguage\":\"es\",\"potentialAction\":[{\"@type\":\"ReadAction\",\"target\":[\"https:\\\/\\\/testing.vps101551.mylogin.co\\\/nogalia21\\\/acerca-de\\\/\"]}]},{\"@type\":\"ImageObject\",\"inLanguage\":\"es\",\"@id\":\"https:\\\/\\\/testing.vps101551.mylogin.co\\\/nogalia21\\\/acerca-de\\\/#primaryimage\",\"url\":\"https:\\\/\\\/testing.vps101551.mylogin.co\\\/nogalia21\\\/wp-content\\\/uploads\\\/2021\\\/03\\\/nogalia-Orangettes.jpg\",\"contentUrl\":\"https:\\\/\\\/testing.vps101551.mylogin.co\\\/nogalia21\\\/wp-content\\\/uploads\\\/2021\\\/03\\\/nogalia-Orangettes.jpg\"},{\"@type\":\"BreadcrumbList\",\"@id\":\"https:\\\/\\\/testing.vps101551.mylogin.co\\\/nogalia21\\\/acerca-de\\\/#breadcrumb\",\"itemListElement\":[{\"@type\":\"ListItem\",\"position\":1,\"name\":\"Inicio\",\"item\":\"https:\\\/\\\/testing.vps101551.mylogin.co\\\/nogalia21\\\/\"},{\"@type\":\"ListItem\",\"position\":2,\"name\":\"Acerca de\"}]},{\"@type\":\"WebSite\",\"@id\":\"https:\\\/\\\/testing.vps101551.mylogin.co\\\/nogalia21\\\/#website\",\"url\":\"https:\\\/\\\/testing.vps101551.mylogin.co\\\/nogalia21\\\/\",\"name\":\"Nogalia\",\"description\":\"Confiter\u00eda fina\",\"publisher\":{\"@id\":\"https:\\\/\\\/testing.vps101551.mylogin.co\\\/nogalia21\\\/#organization\"},\"potentialAction\":[{\"@type\":\"SearchAction\",\"target\":{\"@type\":\"EntryPoint\",\"urlTemplate\":\"https:\\\/\\\/testing.vps101551.mylogin.co\\\/nogalia21\\\/?s={search_term_string}\"},\"query-input\":{\"@type\":\"PropertyValueSpecification\",\"valueRequired\":true,\"valueName\":\"search_term_string\"}}],\"inLanguage\":\"es\"},{\"@type\":\"Organization\",\"@id\":\"https:\\\/\\\/testing.vps101551.mylogin.co\\\/nogalia21\\\/#organization\",\"name\":\"Nogalia\",\"url\":\"https:\\\/\\\/testing.vps101551.mylogin.co\\\/nogalia21\\\/\",\"logo\":{\"@type\":\"ImageObject\",\"inLanguage\":\"es\",\"@id\":\"https:\\\/\\\/testing.vps101551.mylogin.co\\\/nogalia21\\\/#\\\/schema\\\/logo\\\/image\\\/\",\"url\":\"https:\\\/\\\/testing.vps101551.mylogin.co\\\/nogalia21\\\/wp-content\\\/uploads\\\/2021\\\/08\\\/nogalia-rosa.png\",\"contentUrl\":\"https:\\\/\\\/testing.vps101551.mylogin.co\\\/nogalia21\\\/wp-content\\\/uploads\\\/2021\\\/08\\\/nogalia-rosa.png\",\"width\":150,\"height\":151,\"caption\":\"Nogalia\"},\"image\":{\"@id\":\"https:\\\/\\\/testing.vps101551.mylogin.co\\\/nogalia21\\\/#\\\/schema\\\/logo\\\/image\\\/\"},\"sameAs\":[\"https:\\\/\\\/www.facebook.com\\\/Nogaliaconfiteria\",\"https:\\\/\\\/www.instagram.com\\\/nogalia_confiteria_fina\\\/\"]}]}<\/script>\n<!-- \/ Yoast SEO plugin. -->","yoast_head_json":{"title":"Acerca de &#187; Nogalia - Confiter\u00eda Fina","description":"Nuestras recetas son la fusi\u00f3n de t\u00e9cnicas tradicionales y tecnolog\u00eda de fabricaci\u00f3n de dulces, logrando confiter\u00eda de alta gama y experiencia de sabores.","robots":{"index":"noindex","follow":"follow","max-snippet":"max-snippet:-1","max-image-preview":"max-image-preview:large","max-video-preview":"max-video-preview:-1"},"og_locale":"es_MX","og_type":"article","og_title":"Acerca de &#187; Nogalia - Confiter\u00eda Fina","og_description":"Nuestras recetas son la fusi\u00f3n de t\u00e9cnicas tradicionales y tecnolog\u00eda de fabricaci\u00f3n de dulces, logrando confiter\u00eda de alta gama y experiencia de sabores.","og_url":"https:\/\/testing.vps101551.mylogin.co\/nogalia21\/acerca-de\/","og_site_name":"Nogalia","article_publisher":"https:\/\/www.facebook.com\/Nogaliaconfiteria","article_modified_time":"2023-09-02T22:42:42+00:00","og_image":[{"url":"https:\/\/testing.vps101551.mylogin.co\/nogalia21\/wp-content\/uploads\/2021\/03\/nogalia-Orangettes.jpg","type":"","width":"","height":""}],"twitter_card":"summary_large_image","twitter_misc":{"Tiempo de lectura":"2 minutos"},"schema":{"@context":"https:\/\/schema.org","@graph":[{"@type":"WebPage","@id":"https:\/\/testing.vps101551.mylogin.co\/nogalia21\/acerca-de\/","url":"https:\/\/testing.vps101551.mylogin.co\/nogalia21\/acerca-de\/","name":"Acerca de &#187; Nogalia - Confiter\u00eda Fina","isPartOf":{"@id":"https:\/\/testing.vps101551.mylogin.co\/nogalia21\/#website"},"primaryImageOfPage":{"@id":"https:\/\/testing.vps101551.mylogin.co\/nogalia21\/acerca-de\/#primaryimage"},"image":{"@id":"https:\/\/testing.vps101551.mylogin.co\/nogalia21\/acerca-de\/#primaryimage"},"thumbnailUrl":"https:\/\/testing.vps101551.mylogin.co\/nogalia21\/wp-content\/uploads\/2021\/03\/nogalia-Orangettes.jpg","datePublished":"2020-07-24T06:03:57+00:00","dateModified":"2023-09-02T22:42:42+00:00","description":"Nuestras recetas son la fusi\u00f3n de t\u00e9cnicas tradicionales y tecnolog\u00eda de fabricaci\u00f3n de dulces, logrando confiter\u00eda de alta gama y experiencia de sabores.","breadcrumb":{"@id":"https:\/\/testing.vps101551.mylogin.co\/nogalia21\/acerca-de\/#breadcrumb"},"inLanguage":"es","potentialAction":[{"@type":"ReadAction","target":["https:\/\/testing.vps101551.mylogin.co\/nogalia21\/acerca-de\/"]}]},{"@type":"ImageObject","inLanguage":"es","@id":"https:\/\/testing.vps101551.mylogin.co\/nogalia21\/acerca-de\/#primaryimage","url":"https:\/\/testing.vps101551.mylogin.co\/nogalia21\/wp-content\/uploads\/2021\/03\/nogalia-Orangettes.jpg","contentUrl":"https:\/\/testing.vps101551.mylogin.co\/nogalia21\/wp-content\/uploads\/2021\/03\/nogalia-Orangettes.jpg"},{"@type":"BreadcrumbList","@id":"https:\/\/testing.vps101551.mylogin.co\/nogalia21\/acerca-de\/#breadcrumb","itemListElement":[{"@type":"ListItem","position":1,"name":"Inicio","item":"https:\/\/testing.vps101551.mylogin.co\/nogalia21\/"},{"@type":"ListItem","position":2,"name":"Acerca de"}]},{"@type":"WebSite","@id":"https:\/\/testing.vps101551.mylogin.co\/nogalia21\/#website","url":"https:\/\/testing.vps101551.mylogin.co\/nogalia21\/","name":"Nogalia","description":"Confiter\u00eda fina","publisher":{"@id":"https:\/\/testing.vps101551.mylogin.co\/nogalia21\/#organization"},"potentialAction":[{"@type":"SearchAction","target":{"@type":"EntryPoint","urlTemplate":"https:\/\/testing.vps101551.mylogin.co\/nogalia21\/?s={search_term_string}"},"query-input":{"@type":"PropertyValueSpecification","valueRequired":true,"valueName":"search_term_string"}}],"inLanguage":"es"},{"@type":"Organization","@id":"https:\/\/testing.vps101551.mylogin.co\/nogalia21\/#organization","name":"Nogalia","url":"https:\/\/testing.vps101551.mylogin.co\/nogalia21\/","logo":{"@type":"ImageObject","inLanguage":"es","@id":"https:\/\/testing.vps101551.mylogin.co\/nogalia21\/#\/schema\/logo\/image\/","url":"https:\/\/testing.vps101551.mylogin.co\/nogalia21\/wp-content\/uploads\/2021\/08\/nogalia-rosa.png","contentUrl":"https:\/\/testing.vps101551.mylogin.co\/nogalia21\/wp-content\/uploads\/2021\/08\/nogalia-rosa.png","width":150,"height":151,"caption":"Nogalia"},"image":{"@id":"https:\/\/testing.vps101551.mylogin.co\/nogalia21\/#\/schema\/logo\/image\/"},"sameAs":["https:\/\/www.facebook.com\/Nogaliaconfiteria","https:\/\/www.instagram.com\/nogalia_confiteria_fina\/"]}]}},"_links":{"self":[{"href":"https:\/\/testing.vps101551.mylogin.co\/nogalia21\/wp-json\/wp\/v2\/pages\/102","targetHints":{"allow":["GET"]}}],"collection":[{"href":"https:\/\/testing.vps101551.mylogin.co\/nogalia21\/wp-json\/wp\/v2\/pages"}],"about":[{"href":"https:\/\/testing.vps101551.mylogin.co\/nogalia21\/wp-json\/wp\/v2\/types\/page"}],"author":[{"embeddable":true,"href":"https:\/\/testing.vps101551.mylogin.co\/nogalia21\/wp-json\/wp\/v2\/users\/1"}],"replies":[{"embeddable":true,"href":"https:\/\/testing.vps101551.mylogin.co\/nogalia21\/wp-json\/wp\/v2\/comments?post=102"}],"version-history":[{"count":2,"href":"https:\/\/testing.vps101551.mylogin.co\/nogalia21\/wp-json\/wp\/v2\/pages\/102\/revisions"}],"predecessor-version":[{"id":1195,"href":"https:\/\/testing.vps101551.mylogin.co\/nogalia21\/wp-json\/wp\/v2\/pages\/102\/revisions\/1195"}],"wp:attachment":[{"href":"https:\/\/testing.vps101551.mylogin.co\/nogalia21\/wp-json\/wp\/v2\/media?parent=102"}],"curies":[{"name":"wp","href":"https:\/\/api.w.org\/{rel}","templated":true}]}}