{"id":108,"date":"2020-07-24T01:07:04","date_gmt":"2020-07-24T06:07:04","guid":{"rendered":"http:\/\/testing.compilaideas.com\/nogalia\/?page_id=108"},"modified":"2022-11-25T14:28:08","modified_gmt":"2022-11-25T20:28:08","slug":"regalos-corporativos","status":"publish","type":"page","link":"https:\/\/testing.vps101551.mylogin.co\/nogalia21\/servicios\/regalos-corporativos\/","title":{"rendered":"Regalos corporativos para Navidad"},"content":{"rendered":"\n<div class=\"wp-block-group\"><div class=\"wp-block-group__inner-container is-layout-flow wp-block-group-is-layout-flow\">\n<div class=\"wp-block-group\"><div class=\"wp-block-group__inner-container is-layout-flow wp-block-group-is-layout-flow\">\n<div class=\"wp-block-group\"><div class=\"wp-block-group__inner-container is-layout-flow wp-block-group-is-layout-flow\">\n<div class=\"wp-block-group\"><div class=\"wp-block-group__inner-container is-layout-flow wp-block-group-is-layout-flow\">\n<h2 class=\"wp-block-heading\">Regalos tan \u00fanicos como tu empresa<\/h2>\n<\/div><\/div>\n<\/div><\/div>\n\n\n\n<p>Impresiona a tus clientes o agradece a tus empleados, queremos ayudarte a crear regalos que dejan una emoci\u00f3n duradera. \u00a1Elige la opci\u00f3n que m\u00e1s te guste! Las cajas de regalo incluyen diferentes opciones de dulces y chocolates con o sin az\u00facar, aqu\u00ed podr\u00e1s encontrar el regalo ideal para tus seres queridos. <\/p>\n<\/div><\/div>\n<\/div><\/div>\n\n\n\n<figure class=\"wp-block-gallery has-nested-images columns-default is-cropped wp-block-gallery-1 is-layout-flex wp-block-gallery-is-layout-flex\">\n<figure class=\"wp-block-image size-large\"><a href=\"https:\/\/testing.vps101551.mylogin.co\/nogalia21\/wp-content\/uploads\/2022\/11\/Regalos_Corporativos_Caja_Chocolates_Trufas_Nogalia_Navidad_Canasta_Navidena_Dulces-scaled.jpg\"><img loading=\"lazy\" decoding=\"async\" width=\"683\" height=\"1024\" data-id=\"702\" src=\"https:\/\/testing.vps101551.mylogin.co\/nogalia21\/wp-content\/uploads\/2022\/11\/Regalos_Corporativos_Caja_Chocolates_Trufas_Nogalia_Navidad_Canasta_Navidena_Dulces-683x1024.jpg\" alt=\"Regalo para Navidad. Torre Navide\u00f1a Nogalia con variedad de dulces y chocolates. Ideal para regalos de empresas o regalos corporativos\" class=\"wp-image-702\" srcset=\"https:\/\/testing.vps101551.mylogin.co\/nogalia21\/wp-content\/uploads\/2022\/11\/Regalos_Corporativos_Caja_Chocolates_Trufas_Nogalia_Navidad_Canasta_Navidena_Dulces-683x1024.jpg 683w, https:\/\/testing.vps101551.mylogin.co\/nogalia21\/wp-content\/uploads\/2022\/11\/Regalos_Corporativos_Caja_Chocolates_Trufas_Nogalia_Navidad_Canasta_Navidena_Dulces-scaled-900x1350.jpg 900w, https:\/\/testing.vps101551.mylogin.co\/nogalia21\/wp-content\/uploads\/2022\/11\/Regalos_Corporativos_Caja_Chocolates_Trufas_Nogalia_Navidad_Canasta_Navidena_Dulces-200x300.jpg 200w, https:\/\/testing.vps101551.mylogin.co\/nogalia21\/wp-content\/uploads\/2022\/11\/Regalos_Corporativos_Caja_Chocolates_Trufas_Nogalia_Navidad_Canasta_Navidena_Dulces-768x1152.jpg 768w, https:\/\/testing.vps101551.mylogin.co\/nogalia21\/wp-content\/uploads\/2022\/11\/Regalos_Corporativos_Caja_Chocolates_Trufas_Nogalia_Navidad_Canasta_Navidena_Dulces-1024x1536.jpg 1024w, https:\/\/testing.vps101551.mylogin.co\/nogalia21\/wp-content\/uploads\/2022\/11\/Regalos_Corporativos_Caja_Chocolates_Trufas_Nogalia_Navidad_Canasta_Navidena_Dulces-1365x2048.jpg 1365w, https:\/\/testing.vps101551.mylogin.co\/nogalia21\/wp-content\/uploads\/2022\/11\/Regalos_Corporativos_Caja_Chocolates_Trufas_Nogalia_Navidad_Canasta_Navidena_Dulces-scaled.jpg 1707w\" sizes=\"auto, (max-width: 683px) 100vw, 683px\" \/><\/a><\/figure>\n\n\n\n<figure class=\"wp-block-image size-large\"><a href=\"https:\/\/testing.vps101551.mylogin.co\/nogalia21\/wp-content\/uploads\/2022\/11\/Regalos_Corporativos_Caja_Chocolates_Trufas_Nogalia_Navidad-scaled.jpg\"><img loading=\"lazy\" decoding=\"async\" width=\"683\" height=\"1024\" data-id=\"698\" src=\"https:\/\/testing.vps101551.mylogin.co\/nogalia21\/wp-content\/uploads\/2022\/11\/Regalos_Corporativos_Caja_Chocolates_Trufas_Nogalia_Navidad-683x1024.jpg\" alt=\"Regalo para Navidad. Caja Navide\u00f1a Nogalia con variedad de dulces y trufas de chocolate. Ideal para regalos de empresas o regalos corporativos\" class=\"wp-image-698\" srcset=\"https:\/\/testing.vps101551.mylogin.co\/nogalia21\/wp-content\/uploads\/2022\/11\/Regalos_Corporativos_Caja_Chocolates_Trufas_Nogalia_Navidad-683x1024.jpg 683w, https:\/\/testing.vps101551.mylogin.co\/nogalia21\/wp-content\/uploads\/2022\/11\/Regalos_Corporativos_Caja_Chocolates_Trufas_Nogalia_Navidad-scaled-900x1350.jpg 900w, https:\/\/testing.vps101551.mylogin.co\/nogalia21\/wp-content\/uploads\/2022\/11\/Regalos_Corporativos_Caja_Chocolates_Trufas_Nogalia_Navidad-200x300.jpg 200w, https:\/\/testing.vps101551.mylogin.co\/nogalia21\/wp-content\/uploads\/2022\/11\/Regalos_Corporativos_Caja_Chocolates_Trufas_Nogalia_Navidad-768x1152.jpg 768w, https:\/\/testing.vps101551.mylogin.co\/nogalia21\/wp-content\/uploads\/2022\/11\/Regalos_Corporativos_Caja_Chocolates_Trufas_Nogalia_Navidad-1024x1536.jpg 1024w, https:\/\/testing.vps101551.mylogin.co\/nogalia21\/wp-content\/uploads\/2022\/11\/Regalos_Corporativos_Caja_Chocolates_Trufas_Nogalia_Navidad-1365x2048.jpg 1365w, https:\/\/testing.vps101551.mylogin.co\/nogalia21\/wp-content\/uploads\/2022\/11\/Regalos_Corporativos_Caja_Chocolates_Trufas_Nogalia_Navidad-scaled.jpg 1707w\" sizes=\"auto, (max-width: 683px) 100vw, 683px\" \/><\/a><\/figure>\n\n\n\n<figure class=\"wp-block-image size-large\"><a href=\"https:\/\/testing.vps101551.mylogin.co\/nogalia21\/wp-content\/uploads\/2022\/11\/Regalos_Corporativos_Caja_Chocolates_Nogalia_Navidad_Regalo_Personalizado-scaled.jpg\"><img loading=\"lazy\" decoding=\"async\" width=\"683\" height=\"1024\" data-id=\"700\" src=\"https:\/\/testing.vps101551.mylogin.co\/nogalia21\/wp-content\/uploads\/2022\/11\/Regalos_Corporativos_Caja_Chocolates_Nogalia_Navidad_Regalo_Personalizado-683x1024.jpg\" alt=\"Regalo para Navidad. Colecci\u00f3n VIP Navide\u00f1a Nogalia con variedad de dulces de leche y chocolates. Ideal para regalos de empresas o regalos corporativos\" class=\"wp-image-700\" srcset=\"https:\/\/testing.vps101551.mylogin.co\/nogalia21\/wp-content\/uploads\/2022\/11\/Regalos_Corporativos_Caja_Chocolates_Nogalia_Navidad_Regalo_Personalizado-683x1024.jpg 683w, https:\/\/testing.vps101551.mylogin.co\/nogalia21\/wp-content\/uploads\/2022\/11\/Regalos_Corporativos_Caja_Chocolates_Nogalia_Navidad_Regalo_Personalizado-scaled-900x1350.jpg 900w, https:\/\/testing.vps101551.mylogin.co\/nogalia21\/wp-content\/uploads\/2022\/11\/Regalos_Corporativos_Caja_Chocolates_Nogalia_Navidad_Regalo_Personalizado-200x300.jpg 200w, https:\/\/testing.vps101551.mylogin.co\/nogalia21\/wp-content\/uploads\/2022\/11\/Regalos_Corporativos_Caja_Chocolates_Nogalia_Navidad_Regalo_Personalizado-768x1152.jpg 768w, https:\/\/testing.vps101551.mylogin.co\/nogalia21\/wp-content\/uploads\/2022\/11\/Regalos_Corporativos_Caja_Chocolates_Nogalia_Navidad_Regalo_Personalizado-1024x1536.jpg 1024w, https:\/\/testing.vps101551.mylogin.co\/nogalia21\/wp-content\/uploads\/2022\/11\/Regalos_Corporativos_Caja_Chocolates_Nogalia_Navidad_Regalo_Personalizado-1365x2048.jpg 1365w, https:\/\/testing.vps101551.mylogin.co\/nogalia21\/wp-content\/uploads\/2022\/11\/Regalos_Corporativos_Caja_Chocolates_Nogalia_Navidad_Regalo_Personalizado-scaled.jpg 1707w\" sizes=\"auto, (max-width: 683px) 100vw, 683px\" \/><\/a><\/figure>\n<\/figure>\n\n\n\n<h3 class=\"wp-block-heading\">Personalizamos los empaques con el logotipo de tu empresa o el dise\u00f1o que elijas.<\/h3>\n\n\n\n<p>\u00a1Encuentra los mejores regalos de Navidad en nuestro cat\u00e1logo! Los obsequios corporativos son ideales para agradecer a clientes, proveedores o colaboradores al final de cada a\u00f1o. Puedes crear una canasta navide\u00f1a con las trufas de chocolate de Nogalia, los ar\u00e1ndanos cubiertos con chocolate o una caja de regalo personalizada que incluye dulces de leche de diferentes sabores.<\/p>\n\n\n\n<div class=\"wp-block-media-text alignwide is-stacked-on-mobile is-vertically-aligned-center\"><figure class=\"wp-block-media-text__media\"><a href=\"https:\/\/testing.vps101551.mylogin.co\/nogalia21\/wp-content\/uploads\/2022\/11\/Nogalia-Catalogo-navideno-2022-Regalos-corporativos.pdf\" target=\"_blank\" rel=\"Ver cat\u00e1logo de regalos corporativos noopener\"><img loading=\"lazy\" decoding=\"async\" width=\"750\" height=\"650\" src=\"https:\/\/testing.vps101551.mylogin.co\/nogalia21\/wp-content\/uploads\/2021\/03\/descarga-catalogo-nogalia-3.jpg\" alt=\"\" class=\"wp-image-230 size-full\" srcset=\"https:\/\/testing.vps101551.mylogin.co\/nogalia21\/wp-content\/uploads\/2021\/03\/descarga-catalogo-nogalia-3.jpg 750w, https:\/\/testing.vps101551.mylogin.co\/nogalia21\/wp-content\/uploads\/2021\/03\/descarga-catalogo-nogalia-3-416x361.jpg 416w, https:\/\/testing.vps101551.mylogin.co\/nogalia21\/wp-content\/uploads\/2021\/03\/descarga-catalogo-nogalia-3-300x260.jpg 300w\" sizes=\"auto, (max-width: 750px) 100vw, 750px\" \/><\/a><\/figure><div class=\"wp-block-media-text__content\">\n<p class=\"has-large-font-size\">Conoce las opciones de regalo para Navidad<\/p>\n\n\n\n<div class=\"wp-block-buttons is-layout-flex wp-block-buttons-is-layout-flex\">\n<div class=\"wp-block-button is-style-outline is-style-outline--2\"><a class=\"wp-block-button__link wp-element-button\" href=\"https:\/\/testing.vps101551.mylogin.co\/nogalia21\/wp-content\/uploads\/2022\/11\/Nogalia-Catalogo-navideno-2022-Regalos-corporativos.pdf\" target=\"_blank\" rel=\"noreferrer noopener\">Clic para ver el cat\u00e1logo<\/a><\/div>\n<\/div>\n\n\n\n<p>\u00a1Aqu\u00ed hay muchas ideas para regalo!<\/p>\n<\/div><\/div>\n","protected":false},"excerpt":{"rendered":"<p>Regalos tan \u00fanicos como tu empresa Impresiona a tus clientes o agradece a tus empleados, queremos ayudarte a crear regalos que dejan una emoci\u00f3n duradera. \u00a1Elige la opci\u00f3n que m\u00e1s te guste! Las cajas de regalo incluyen diferentes opciones de dulces y chocolates con o sin az\u00facar, aqu\u00ed podr\u00e1s encontrar el regalo ideal para tus [&hellip;]<\/p>\n","protected":false},"author":1,"featured_media":0,"parent":106,"menu_order":0,"comment_status":"closed","ping_status":"closed","template":"page-corporate-gifts.php","meta":{"footnotes":""},"class_list":["grid-item","post-108","page","type-page","status-publish","hentry"],"yoast_head":"<!-- This site is optimized with the Yoast SEO plugin v27.4 - https:\/\/yoast.com\/product\/yoast-seo-wordpress\/ -->\n<title>Regalos Corporativos &#187; Nogalia - Confiter\u00eda Fina<\/title>\n<meta name=\"description\" content=\"Regalos tan \u00fanicos como tu empresa. Impresiona a tus clientes o agradece a tus empleados con regalos corporativos. Personalizamos empaques.\" \/>\n<meta name=\"robots\" content=\"noindex, follow, max-snippet:-1, max-image-preview:large, max-video-preview:-1\" \/>\n<meta property=\"og:locale\" content=\"es_MX\" \/>\n<meta property=\"og:type\" content=\"article\" \/>\n<meta property=\"og:title\" content=\"Regalos Corporativos &#187; Nogalia - Confiter\u00eda Fina\" \/>\n<meta property=\"og:description\" content=\"Regalos tan \u00fanicos como tu empresa. Impresiona a tus clientes o agradece a tus empleados con regalos corporativos. Personalizamos empaques.\" \/>\n<meta property=\"og:url\" content=\"https:\/\/testing.vps101551.mylogin.co\/nogalia21\/servicios\/regalos-corporativos\/\" \/>\n<meta property=\"og:site_name\" content=\"Nogalia\" \/>\n<meta property=\"article:publisher\" content=\"https:\/\/www.facebook.com\/Nogaliaconfiteria\" \/>\n<meta property=\"article:modified_time\" content=\"2022-11-25T20:28:08+00:00\" \/>\n<meta property=\"og:image\" content=\"https:\/\/testing.vps101551.mylogin.co\/nogalia21\/wp-content\/uploads\/2022\/11\/Regalos_Corporativos_Caja_Chocolates_Trufas_Nogalia_Navidad_Canasta_Navidena_Dulces-683x1024.jpg\" \/>\n<meta name=\"twitter:card\" content=\"summary_large_image\" \/>\n<meta name=\"twitter:label1\" content=\"Tiempo de lectura\" \/>\n\t<meta name=\"twitter:data1\" content=\"2 minutos\" \/>\n<script type=\"application\/ld+json\" class=\"yoast-schema-graph\">{\"@context\":\"https:\\\/\\\/schema.org\",\"@graph\":[{\"@type\":\"WebPage\",\"@id\":\"https:\\\/\\\/testing.vps101551.mylogin.co\\\/nogalia21\\\/servicios\\\/regalos-corporativos\\\/\",\"url\":\"https:\\\/\\\/testing.vps101551.mylogin.co\\\/nogalia21\\\/servicios\\\/regalos-corporativos\\\/\",\"name\":\"Regalos Corporativos &#187; Nogalia - Confiter\u00eda Fina\",\"isPartOf\":{\"@id\":\"https:\\\/\\\/testing.vps101551.mylogin.co\\\/nogalia21\\\/#website\"},\"primaryImageOfPage\":{\"@id\":\"https:\\\/\\\/testing.vps101551.mylogin.co\\\/nogalia21\\\/servicios\\\/regalos-corporativos\\\/#primaryimage\"},\"image\":{\"@id\":\"https:\\\/\\\/testing.vps101551.mylogin.co\\\/nogalia21\\\/servicios\\\/regalos-corporativos\\\/#primaryimage\"},\"thumbnailUrl\":\"https:\\\/\\\/testing.vps101551.mylogin.co\\\/nogalia21\\\/wp-content\\\/uploads\\\/2022\\\/11\\\/Regalos_Corporativos_Caja_Chocolates_Trufas_Nogalia_Navidad_Canasta_Navidena_Dulces-683x1024.jpg\",\"datePublished\":\"2020-07-24T06:07:04+00:00\",\"dateModified\":\"2022-11-25T20:28:08+00:00\",\"description\":\"Regalos tan \u00fanicos como tu empresa. Impresiona a tus clientes o agradece a tus empleados con regalos corporativos. Personalizamos empaques.\",\"breadcrumb\":{\"@id\":\"https:\\\/\\\/testing.vps101551.mylogin.co\\\/nogalia21\\\/servicios\\\/regalos-corporativos\\\/#breadcrumb\"},\"inLanguage\":\"es\",\"potentialAction\":[{\"@type\":\"ReadAction\",\"target\":[\"https:\\\/\\\/testing.vps101551.mylogin.co\\\/nogalia21\\\/servicios\\\/regalos-corporativos\\\/\"]}]},{\"@type\":\"ImageObject\",\"inLanguage\":\"es\",\"@id\":\"https:\\\/\\\/testing.vps101551.mylogin.co\\\/nogalia21\\\/servicios\\\/regalos-corporativos\\\/#primaryimage\",\"url\":\"https:\\\/\\\/testing.vps101551.mylogin.co\\\/nogalia21\\\/wp-content\\\/uploads\\\/2022\\\/11\\\/Regalos_Corporativos_Caja_Chocolates_Trufas_Nogalia_Navidad_Canasta_Navidena_Dulces-scaled.jpg\",\"contentUrl\":\"https:\\\/\\\/testing.vps101551.mylogin.co\\\/nogalia21\\\/wp-content\\\/uploads\\\/2022\\\/11\\\/Regalos_Corporativos_Caja_Chocolates_Trufas_Nogalia_Navidad_Canasta_Navidena_Dulces-scaled.jpg\",\"width\":1707,\"height\":2560},{\"@type\":\"BreadcrumbList\",\"@id\":\"https:\\\/\\\/testing.vps101551.mylogin.co\\\/nogalia21\\\/servicios\\\/regalos-corporativos\\\/#breadcrumb\",\"itemListElement\":[{\"@type\":\"ListItem\",\"position\":1,\"name\":\"Inicio\",\"item\":\"https:\\\/\\\/testing.vps101551.mylogin.co\\\/nogalia21\\\/\"},{\"@type\":\"ListItem\",\"position\":2,\"name\":\"Servicios\",\"item\":\"https:\\\/\\\/testing.vps101551.mylogin.co\\\/nogalia21\\\/servicios\\\/\"},{\"@type\":\"ListItem\",\"position\":3,\"name\":\"Regalos corporativos para Navidad\"}]},{\"@type\":\"WebSite\",\"@id\":\"https:\\\/\\\/testing.vps101551.mylogin.co\\\/nogalia21\\\/#website\",\"url\":\"https:\\\/\\\/testing.vps101551.mylogin.co\\\/nogalia21\\\/\",\"name\":\"Nogalia\",\"description\":\"Confiter\u00eda fina\",\"publisher\":{\"@id\":\"https:\\\/\\\/testing.vps101551.mylogin.co\\\/nogalia21\\\/#organization\"},\"potentialAction\":[{\"@type\":\"SearchAction\",\"target\":{\"@type\":\"EntryPoint\",\"urlTemplate\":\"https:\\\/\\\/testing.vps101551.mylogin.co\\\/nogalia21\\\/?s={search_term_string}\"},\"query-input\":{\"@type\":\"PropertyValueSpecification\",\"valueRequired\":true,\"valueName\":\"search_term_string\"}}],\"inLanguage\":\"es\"},{\"@type\":\"Organization\",\"@id\":\"https:\\\/\\\/testing.vps101551.mylogin.co\\\/nogalia21\\\/#organization\",\"name\":\"Nogalia\",\"url\":\"https:\\\/\\\/testing.vps101551.mylogin.co\\\/nogalia21\\\/\",\"logo\":{\"@type\":\"ImageObject\",\"inLanguage\":\"es\",\"@id\":\"https:\\\/\\\/testing.vps101551.mylogin.co\\\/nogalia21\\\/#\\\/schema\\\/logo\\\/image\\\/\",\"url\":\"https:\\\/\\\/testing.vps101551.mylogin.co\\\/nogalia21\\\/wp-content\\\/uploads\\\/2021\\\/08\\\/nogalia-rosa.png\",\"contentUrl\":\"https:\\\/\\\/testing.vps101551.mylogin.co\\\/nogalia21\\\/wp-content\\\/uploads\\\/2021\\\/08\\\/nogalia-rosa.png\",\"width\":150,\"height\":151,\"caption\":\"Nogalia\"},\"image\":{\"@id\":\"https:\\\/\\\/testing.vps101551.mylogin.co\\\/nogalia21\\\/#\\\/schema\\\/logo\\\/image\\\/\"},\"sameAs\":[\"https:\\\/\\\/www.facebook.com\\\/Nogaliaconfiteria\",\"https:\\\/\\\/www.instagram.com\\\/nogalia_confiteria_fina\\\/\"]}]}<\/script>\n<!-- \/ Yoast SEO plugin. -->","yoast_head_json":{"title":"Regalos Corporativos &#187; Nogalia - Confiter\u00eda Fina","description":"Regalos tan \u00fanicos como tu empresa. Impresiona a tus clientes o agradece a tus empleados con regalos corporativos. Personalizamos empaques.","robots":{"index":"noindex","follow":"follow","max-snippet":"max-snippet:-1","max-image-preview":"max-image-preview:large","max-video-preview":"max-video-preview:-1"},"og_locale":"es_MX","og_type":"article","og_title":"Regalos Corporativos &#187; Nogalia - Confiter\u00eda Fina","og_description":"Regalos tan \u00fanicos como tu empresa. Impresiona a tus clientes o agradece a tus empleados con regalos corporativos. Personalizamos empaques.","og_url":"https:\/\/testing.vps101551.mylogin.co\/nogalia21\/servicios\/regalos-corporativos\/","og_site_name":"Nogalia","article_publisher":"https:\/\/www.facebook.com\/Nogaliaconfiteria","article_modified_time":"2022-11-25T20:28:08+00:00","og_image":[{"url":"https:\/\/testing.vps101551.mylogin.co\/nogalia21\/wp-content\/uploads\/2022\/11\/Regalos_Corporativos_Caja_Chocolates_Trufas_Nogalia_Navidad_Canasta_Navidena_Dulces-683x1024.jpg","type":"","width":"","height":""}],"twitter_card":"summary_large_image","twitter_misc":{"Tiempo de lectura":"2 minutos"},"schema":{"@context":"https:\/\/schema.org","@graph":[{"@type":"WebPage","@id":"https:\/\/testing.vps101551.mylogin.co\/nogalia21\/servicios\/regalos-corporativos\/","url":"https:\/\/testing.vps101551.mylogin.co\/nogalia21\/servicios\/regalos-corporativos\/","name":"Regalos Corporativos &#187; Nogalia - Confiter\u00eda Fina","isPartOf":{"@id":"https:\/\/testing.vps101551.mylogin.co\/nogalia21\/#website"},"primaryImageOfPage":{"@id":"https:\/\/testing.vps101551.mylogin.co\/nogalia21\/servicios\/regalos-corporativos\/#primaryimage"},"image":{"@id":"https:\/\/testing.vps101551.mylogin.co\/nogalia21\/servicios\/regalos-corporativos\/#primaryimage"},"thumbnailUrl":"https:\/\/testing.vps101551.mylogin.co\/nogalia21\/wp-content\/uploads\/2022\/11\/Regalos_Corporativos_Caja_Chocolates_Trufas_Nogalia_Navidad_Canasta_Navidena_Dulces-683x1024.jpg","datePublished":"2020-07-24T06:07:04+00:00","dateModified":"2022-11-25T20:28:08+00:00","description":"Regalos tan \u00fanicos como tu empresa. Impresiona a tus clientes o agradece a tus empleados con regalos corporativos. Personalizamos empaques.","breadcrumb":{"@id":"https:\/\/testing.vps101551.mylogin.co\/nogalia21\/servicios\/regalos-corporativos\/#breadcrumb"},"inLanguage":"es","potentialAction":[{"@type":"ReadAction","target":["https:\/\/testing.vps101551.mylogin.co\/nogalia21\/servicios\/regalos-corporativos\/"]}]},{"@type":"ImageObject","inLanguage":"es","@id":"https:\/\/testing.vps101551.mylogin.co\/nogalia21\/servicios\/regalos-corporativos\/#primaryimage","url":"https:\/\/testing.vps101551.mylogin.co\/nogalia21\/wp-content\/uploads\/2022\/11\/Regalos_Corporativos_Caja_Chocolates_Trufas_Nogalia_Navidad_Canasta_Navidena_Dulces-scaled.jpg","contentUrl":"https:\/\/testing.vps101551.mylogin.co\/nogalia21\/wp-content\/uploads\/2022\/11\/Regalos_Corporativos_Caja_Chocolates_Trufas_Nogalia_Navidad_Canasta_Navidena_Dulces-scaled.jpg","width":1707,"height":2560},{"@type":"BreadcrumbList","@id":"https:\/\/testing.vps101551.mylogin.co\/nogalia21\/servicios\/regalos-corporativos\/#breadcrumb","itemListElement":[{"@type":"ListItem","position":1,"name":"Inicio","item":"https:\/\/testing.vps101551.mylogin.co\/nogalia21\/"},{"@type":"ListItem","position":2,"name":"Servicios","item":"https:\/\/testing.vps101551.mylogin.co\/nogalia21\/servicios\/"},{"@type":"ListItem","position":3,"name":"Regalos corporativos para Navidad"}]},{"@type":"WebSite","@id":"https:\/\/testing.vps101551.mylogin.co\/nogalia21\/#website","url":"https:\/\/testing.vps101551.mylogin.co\/nogalia21\/","name":"Nogalia","description":"Confiter\u00eda fina","publisher":{"@id":"https:\/\/testing.vps101551.mylogin.co\/nogalia21\/#organization"},"potentialAction":[{"@type":"SearchAction","target":{"@type":"EntryPoint","urlTemplate":"https:\/\/testing.vps101551.mylogin.co\/nogalia21\/?s={search_term_string}"},"query-input":{"@type":"PropertyValueSpecification","valueRequired":true,"valueName":"search_term_string"}}],"inLanguage":"es"},{"@type":"Organization","@id":"https:\/\/testing.vps101551.mylogin.co\/nogalia21\/#organization","name":"Nogalia","url":"https:\/\/testing.vps101551.mylogin.co\/nogalia21\/","logo":{"@type":"ImageObject","inLanguage":"es","@id":"https:\/\/testing.vps101551.mylogin.co\/nogalia21\/#\/schema\/logo\/image\/","url":"https:\/\/testing.vps101551.mylogin.co\/nogalia21\/wp-content\/uploads\/2021\/08\/nogalia-rosa.png","contentUrl":"https:\/\/testing.vps101551.mylogin.co\/nogalia21\/wp-content\/uploads\/2021\/08\/nogalia-rosa.png","width":150,"height":151,"caption":"Nogalia"},"image":{"@id":"https:\/\/testing.vps101551.mylogin.co\/nogalia21\/#\/schema\/logo\/image\/"},"sameAs":["https:\/\/www.facebook.com\/Nogaliaconfiteria","https:\/\/www.instagram.com\/nogalia_confiteria_fina\/"]}]}},"_links":{"self":[{"href":"https:\/\/testing.vps101551.mylogin.co\/nogalia21\/wp-json\/wp\/v2\/pages\/108","targetHints":{"allow":["GET"]}}],"collection":[{"href":"https:\/\/testing.vps101551.mylogin.co\/nogalia21\/wp-json\/wp\/v2\/pages"}],"about":[{"href":"https:\/\/testing.vps101551.mylogin.co\/nogalia21\/wp-json\/wp\/v2\/types\/page"}],"author":[{"embeddable":true,"href":"https:\/\/testing.vps101551.mylogin.co\/nogalia21\/wp-json\/wp\/v2\/users\/1"}],"replies":[{"embeddable":true,"href":"https:\/\/testing.vps101551.mylogin.co\/nogalia21\/wp-json\/wp\/v2\/comments?post=108"}],"version-history":[{"count":11,"href":"https:\/\/testing.vps101551.mylogin.co\/nogalia21\/wp-json\/wp\/v2\/pages\/108\/revisions"}],"predecessor-version":[{"id":706,"href":"https:\/\/testing.vps101551.mylogin.co\/nogalia21\/wp-json\/wp\/v2\/pages\/108\/revisions\/706"}],"up":[{"embeddable":true,"href":"https:\/\/testing.vps101551.mylogin.co\/nogalia21\/wp-json\/wp\/v2\/pages\/106"}],"wp:attachment":[{"href":"https:\/\/testing.vps101551.mylogin.co\/nogalia21\/wp-json\/wp\/v2\/media?parent=108"}],"curies":[{"name":"wp","href":"https:\/\/api.w.org\/{rel}","templated":true}]}}