{"id":110,"date":"2020-07-24T01:07:30","date_gmt":"2020-07-24T06:07:30","guid":{"rendered":"http:\/\/testing.compilaideas.com\/nogalia\/?page_id=110"},"modified":"2021-08-05T16:04:07","modified_gmt":"2021-08-05T21:04:07","slug":"pedidos-especiales","status":"publish","type":"page","link":"https:\/\/testing.vps101551.mylogin.co\/nogalia21\/servicios\/pedidos-especiales\/","title":{"rendered":"Detalles de ocasi\u00f3n"},"content":{"rendered":"\n<p>Detalles exquisitos para los eventos m\u00e1s importantes de tu vida. Bautizos, despedidas, bodas, aniversarios, graduaciones y m\u00e1s.<\/p>\n\n\n\n<div class=\"wp-block-image\"><figure class=\"aligncenter size-full\"><a href=\"https:\/\/testing.vps101551.mylogin.co\/nogalia21\/wp-content\/uploads\/2021\/03\/pedidos-especiales-detalles-de-ocasion-bautizos-boda-primera-comunion-regalos-aniversiario-graduaciones.jpg\"><img decoding=\"async\" src=\"https:\/\/testing.vps101551.mylogin.co\/nogalia21\/wp-content\/uploads\/2021\/03\/pedidos-especiales-detalles-de-ocasion-bautizos-boda-primera-comunion-regalos-aniversiario-graduaciones.jpg\" alt=\"\" class=\"wp-image-161\" width=\"NaN\" height=\"NaN\" srcset=\"https:\/\/testing.vps101551.mylogin.co\/nogalia21\/wp-content\/uploads\/2021\/03\/pedidos-especiales-detalles-de-ocasion-bautizos-boda-primera-comunion-regalos-aniversiario-graduaciones.jpg 1155w, https:\/\/testing.vps101551.mylogin.co\/nogalia21\/wp-content\/uploads\/2021\/03\/pedidos-especiales-detalles-de-ocasion-bautizos-boda-primera-comunion-regalos-aniversiario-graduaciones-900x320.jpg 900w, https:\/\/testing.vps101551.mylogin.co\/nogalia21\/wp-content\/uploads\/2021\/03\/pedidos-especiales-detalles-de-ocasion-bautizos-boda-primera-comunion-regalos-aniversiario-graduaciones-300x107.jpg 300w, https:\/\/testing.vps101551.mylogin.co\/nogalia21\/wp-content\/uploads\/2021\/03\/pedidos-especiales-detalles-de-ocasion-bautizos-boda-primera-comunion-regalos-aniversiario-graduaciones-1024x364.jpg 1024w, https:\/\/testing.vps101551.mylogin.co\/nogalia21\/wp-content\/uploads\/2021\/03\/pedidos-especiales-detalles-de-ocasion-bautizos-boda-primera-comunion-regalos-aniversiario-graduaciones-768x273.jpg 768w\" sizes=\"(max-width: 1155px) 100vw, 1155px\" \/><\/a><\/figure><\/div>\n\n\n\n<p><\/p>\n","protected":false},"excerpt":{"rendered":"<p>Detalles exquisitos para los eventos m\u00e1s importantes de tu vida. Bautizos, despedidas, bodas, aniversarios, graduaciones y m\u00e1s.<\/p>\n","protected":false},"author":1,"featured_media":0,"parent":106,"menu_order":0,"comment_status":"closed","ping_status":"closed","template":"page-ocasional-gifts.php","meta":{"footnotes":""},"class_list":["grid-item","post-110","page","type-page","status-publish","hentry"],"yoast_head":"<!-- This site is optimized with the Yoast SEO plugin v27.4 - https:\/\/yoast.com\/product\/yoast-seo-wordpress\/ -->\n<title>Detalles de ocasi\u00f3n &#187; Nogalia<\/title>\n<meta name=\"description\" content=\"Detalles exquisitos para los eventos m\u00e1s importantes de tu vida: bautizos, despedidas, bodas, aniversarios, graduaciones.Env\u00edos a todo M\u00e9xico\" \/>\n<meta name=\"robots\" content=\"noindex, follow, max-snippet:-1, max-image-preview:large, max-video-preview:-1\" \/>\n<meta property=\"og:locale\" content=\"es_MX\" \/>\n<meta property=\"og:type\" content=\"article\" \/>\n<meta property=\"og:title\" content=\"Detalles de ocasi\u00f3n &#187; Nogalia\" \/>\n<meta property=\"og:description\" content=\"Detalles exquisitos para los eventos m\u00e1s importantes de tu vida: bautizos, despedidas, bodas, aniversarios, graduaciones.Env\u00edos a todo M\u00e9xico\" \/>\n<meta property=\"og:url\" content=\"https:\/\/testing.vps101551.mylogin.co\/nogalia21\/servicios\/pedidos-especiales\/\" \/>\n<meta property=\"og:site_name\" content=\"Nogalia\" \/>\n<meta property=\"article:publisher\" content=\"https:\/\/www.facebook.com\/Nogaliaconfiteria\" \/>\n<meta property=\"article:modified_time\" content=\"2021-08-05T21:04:07+00:00\" \/>\n<meta property=\"og:image\" content=\"https:\/\/testing.vps101551.mylogin.co\/nogalia21\/wp-content\/uploads\/2021\/03\/pedidos-especiales-detalles-de-ocasion-bautizos-boda-primera-comunion-regalos-aniversiario-graduaciones.jpg\" \/>\n<meta name=\"twitter:card\" content=\"summary_large_image\" \/>\n<meta name=\"twitter:label1\" content=\"Tiempo de lectura\" \/>\n\t<meta name=\"twitter:data1\" content=\"1 minuto\" \/>\n<script type=\"application\/ld+json\" class=\"yoast-schema-graph\">{\"@context\":\"https:\\\/\\\/schema.org\",\"@graph\":[{\"@type\":\"WebPage\",\"@id\":\"https:\\\/\\\/testing.vps101551.mylogin.co\\\/nogalia21\\\/servicios\\\/pedidos-especiales\\\/\",\"url\":\"https:\\\/\\\/testing.vps101551.mylogin.co\\\/nogalia21\\\/servicios\\\/pedidos-especiales\\\/\",\"name\":\"Detalles de ocasi\u00f3n &#187; Nogalia\",\"isPartOf\":{\"@id\":\"https:\\\/\\\/testing.vps101551.mylogin.co\\\/nogalia21\\\/#website\"},\"primaryImageOfPage\":{\"@id\":\"https:\\\/\\\/testing.vps101551.mylogin.co\\\/nogalia21\\\/servicios\\\/pedidos-especiales\\\/#primaryimage\"},\"image\":{\"@id\":\"https:\\\/\\\/testing.vps101551.mylogin.co\\\/nogalia21\\\/servicios\\\/pedidos-especiales\\\/#primaryimage\"},\"thumbnailUrl\":\"https:\\\/\\\/testing.vps101551.mylogin.co\\\/nogalia21\\\/wp-content\\\/uploads\\\/2021\\\/03\\\/pedidos-especiales-detalles-de-ocasion-bautizos-boda-primera-comunion-regalos-aniversiario-graduaciones.jpg\",\"datePublished\":\"2020-07-24T06:07:30+00:00\",\"dateModified\":\"2021-08-05T21:04:07+00:00\",\"description\":\"Detalles exquisitos para los eventos m\u00e1s importantes de tu vida: bautizos, despedidas, bodas, aniversarios, graduaciones.Env\u00edos a todo M\u00e9xico\",\"breadcrumb\":{\"@id\":\"https:\\\/\\\/testing.vps101551.mylogin.co\\\/nogalia21\\\/servicios\\\/pedidos-especiales\\\/#breadcrumb\"},\"inLanguage\":\"es\",\"potentialAction\":[{\"@type\":\"ReadAction\",\"target\":[\"https:\\\/\\\/testing.vps101551.mylogin.co\\\/nogalia21\\\/servicios\\\/pedidos-especiales\\\/\"]}]},{\"@type\":\"ImageObject\",\"inLanguage\":\"es\",\"@id\":\"https:\\\/\\\/testing.vps101551.mylogin.co\\\/nogalia21\\\/servicios\\\/pedidos-especiales\\\/#primaryimage\",\"url\":\"https:\\\/\\\/testing.vps101551.mylogin.co\\\/nogalia21\\\/wp-content\\\/uploads\\\/2021\\\/03\\\/pedidos-especiales-detalles-de-ocasion-bautizos-boda-primera-comunion-regalos-aniversiario-graduaciones.jpg\",\"contentUrl\":\"https:\\\/\\\/testing.vps101551.mylogin.co\\\/nogalia21\\\/wp-content\\\/uploads\\\/2021\\\/03\\\/pedidos-especiales-detalles-de-ocasion-bautizos-boda-primera-comunion-regalos-aniversiario-graduaciones.jpg\",\"width\":1155,\"height\":411},{\"@type\":\"BreadcrumbList\",\"@id\":\"https:\\\/\\\/testing.vps101551.mylogin.co\\\/nogalia21\\\/servicios\\\/pedidos-especiales\\\/#breadcrumb\",\"itemListElement\":[{\"@type\":\"ListItem\",\"position\":1,\"name\":\"Inicio\",\"item\":\"https:\\\/\\\/testing.vps101551.mylogin.co\\\/nogalia21\\\/\"},{\"@type\":\"ListItem\",\"position\":2,\"name\":\"Servicios\",\"item\":\"https:\\\/\\\/testing.vps101551.mylogin.co\\\/nogalia21\\\/servicios\\\/\"},{\"@type\":\"ListItem\",\"position\":3,\"name\":\"Detalles de ocasi\u00f3n\"}]},{\"@type\":\"WebSite\",\"@id\":\"https:\\\/\\\/testing.vps101551.mylogin.co\\\/nogalia21\\\/#website\",\"url\":\"https:\\\/\\\/testing.vps101551.mylogin.co\\\/nogalia21\\\/\",\"name\":\"Nogalia\",\"description\":\"Confiter\u00eda fina\",\"publisher\":{\"@id\":\"https:\\\/\\\/testing.vps101551.mylogin.co\\\/nogalia21\\\/#organization\"},\"potentialAction\":[{\"@type\":\"SearchAction\",\"target\":{\"@type\":\"EntryPoint\",\"urlTemplate\":\"https:\\\/\\\/testing.vps101551.mylogin.co\\\/nogalia21\\\/?s={search_term_string}\"},\"query-input\":{\"@type\":\"PropertyValueSpecification\",\"valueRequired\":true,\"valueName\":\"search_term_string\"}}],\"inLanguage\":\"es\"},{\"@type\":\"Organization\",\"@id\":\"https:\\\/\\\/testing.vps101551.mylogin.co\\\/nogalia21\\\/#organization\",\"name\":\"Nogalia\",\"url\":\"https:\\\/\\\/testing.vps101551.mylogin.co\\\/nogalia21\\\/\",\"logo\":{\"@type\":\"ImageObject\",\"inLanguage\":\"es\",\"@id\":\"https:\\\/\\\/testing.vps101551.mylogin.co\\\/nogalia21\\\/#\\\/schema\\\/logo\\\/image\\\/\",\"url\":\"https:\\\/\\\/testing.vps101551.mylogin.co\\\/nogalia21\\\/wp-content\\\/uploads\\\/2021\\\/08\\\/nogalia-rosa.png\",\"contentUrl\":\"https:\\\/\\\/testing.vps101551.mylogin.co\\\/nogalia21\\\/wp-content\\\/uploads\\\/2021\\\/08\\\/nogalia-rosa.png\",\"width\":150,\"height\":151,\"caption\":\"Nogalia\"},\"image\":{\"@id\":\"https:\\\/\\\/testing.vps101551.mylogin.co\\\/nogalia21\\\/#\\\/schema\\\/logo\\\/image\\\/\"},\"sameAs\":[\"https:\\\/\\\/www.facebook.com\\\/Nogaliaconfiteria\",\"https:\\\/\\\/www.instagram.com\\\/nogalia_confiteria_fina\\\/\"]}]}<\/script>\n<!-- \/ Yoast SEO plugin. -->","yoast_head_json":{"title":"Detalles de ocasi\u00f3n &#187; Nogalia","description":"Detalles exquisitos para los eventos m\u00e1s importantes de tu vida: bautizos, despedidas, bodas, aniversarios, graduaciones.Env\u00edos a todo M\u00e9xico","robots":{"index":"noindex","follow":"follow","max-snippet":"max-snippet:-1","max-image-preview":"max-image-preview:large","max-video-preview":"max-video-preview:-1"},"og_locale":"es_MX","og_type":"article","og_title":"Detalles de ocasi\u00f3n &#187; Nogalia","og_description":"Detalles exquisitos para los eventos m\u00e1s importantes de tu vida: bautizos, despedidas, bodas, aniversarios, graduaciones.Env\u00edos a todo M\u00e9xico","og_url":"https:\/\/testing.vps101551.mylogin.co\/nogalia21\/servicios\/pedidos-especiales\/","og_site_name":"Nogalia","article_publisher":"https:\/\/www.facebook.com\/Nogaliaconfiteria","article_modified_time":"2021-08-05T21:04:07+00:00","og_image":[{"url":"https:\/\/testing.vps101551.mylogin.co\/nogalia21\/wp-content\/uploads\/2021\/03\/pedidos-especiales-detalles-de-ocasion-bautizos-boda-primera-comunion-regalos-aniversiario-graduaciones.jpg","type":"","width":"","height":""}],"twitter_card":"summary_large_image","twitter_misc":{"Tiempo de lectura":"1 minuto"},"schema":{"@context":"https:\/\/schema.org","@graph":[{"@type":"WebPage","@id":"https:\/\/testing.vps101551.mylogin.co\/nogalia21\/servicios\/pedidos-especiales\/","url":"https:\/\/testing.vps101551.mylogin.co\/nogalia21\/servicios\/pedidos-especiales\/","name":"Detalles de ocasi\u00f3n &#187; Nogalia","isPartOf":{"@id":"https:\/\/testing.vps101551.mylogin.co\/nogalia21\/#website"},"primaryImageOfPage":{"@id":"https:\/\/testing.vps101551.mylogin.co\/nogalia21\/servicios\/pedidos-especiales\/#primaryimage"},"image":{"@id":"https:\/\/testing.vps101551.mylogin.co\/nogalia21\/servicios\/pedidos-especiales\/#primaryimage"},"thumbnailUrl":"https:\/\/testing.vps101551.mylogin.co\/nogalia21\/wp-content\/uploads\/2021\/03\/pedidos-especiales-detalles-de-ocasion-bautizos-boda-primera-comunion-regalos-aniversiario-graduaciones.jpg","datePublished":"2020-07-24T06:07:30+00:00","dateModified":"2021-08-05T21:04:07+00:00","description":"Detalles exquisitos para los eventos m\u00e1s importantes de tu vida: bautizos, despedidas, bodas, aniversarios, graduaciones.Env\u00edos a todo M\u00e9xico","breadcrumb":{"@id":"https:\/\/testing.vps101551.mylogin.co\/nogalia21\/servicios\/pedidos-especiales\/#breadcrumb"},"inLanguage":"es","potentialAction":[{"@type":"ReadAction","target":["https:\/\/testing.vps101551.mylogin.co\/nogalia21\/servicios\/pedidos-especiales\/"]}]},{"@type":"ImageObject","inLanguage":"es","@id":"https:\/\/testing.vps101551.mylogin.co\/nogalia21\/servicios\/pedidos-especiales\/#primaryimage","url":"https:\/\/testing.vps101551.mylogin.co\/nogalia21\/wp-content\/uploads\/2021\/03\/pedidos-especiales-detalles-de-ocasion-bautizos-boda-primera-comunion-regalos-aniversiario-graduaciones.jpg","contentUrl":"https:\/\/testing.vps101551.mylogin.co\/nogalia21\/wp-content\/uploads\/2021\/03\/pedidos-especiales-detalles-de-ocasion-bautizos-boda-primera-comunion-regalos-aniversiario-graduaciones.jpg","width":1155,"height":411},{"@type":"BreadcrumbList","@id":"https:\/\/testing.vps101551.mylogin.co\/nogalia21\/servicios\/pedidos-especiales\/#breadcrumb","itemListElement":[{"@type":"ListItem","position":1,"name":"Inicio","item":"https:\/\/testing.vps101551.mylogin.co\/nogalia21\/"},{"@type":"ListItem","position":2,"name":"Servicios","item":"https:\/\/testing.vps101551.mylogin.co\/nogalia21\/servicios\/"},{"@type":"ListItem","position":3,"name":"Detalles de ocasi\u00f3n"}]},{"@type":"WebSite","@id":"https:\/\/testing.vps101551.mylogin.co\/nogalia21\/#website","url":"https:\/\/testing.vps101551.mylogin.co\/nogalia21\/","name":"Nogalia","description":"Confiter\u00eda fina","publisher":{"@id":"https:\/\/testing.vps101551.mylogin.co\/nogalia21\/#organization"},"potentialAction":[{"@type":"SearchAction","target":{"@type":"EntryPoint","urlTemplate":"https:\/\/testing.vps101551.mylogin.co\/nogalia21\/?s={search_term_string}"},"query-input":{"@type":"PropertyValueSpecification","valueRequired":true,"valueName":"search_term_string"}}],"inLanguage":"es"},{"@type":"Organization","@id":"https:\/\/testing.vps101551.mylogin.co\/nogalia21\/#organization","name":"Nogalia","url":"https:\/\/testing.vps101551.mylogin.co\/nogalia21\/","logo":{"@type":"ImageObject","inLanguage":"es","@id":"https:\/\/testing.vps101551.mylogin.co\/nogalia21\/#\/schema\/logo\/image\/","url":"https:\/\/testing.vps101551.mylogin.co\/nogalia21\/wp-content\/uploads\/2021\/08\/nogalia-rosa.png","contentUrl":"https:\/\/testing.vps101551.mylogin.co\/nogalia21\/wp-content\/uploads\/2021\/08\/nogalia-rosa.png","width":150,"height":151,"caption":"Nogalia"},"image":{"@id":"https:\/\/testing.vps101551.mylogin.co\/nogalia21\/#\/schema\/logo\/image\/"},"sameAs":["https:\/\/www.facebook.com\/Nogaliaconfiteria","https:\/\/www.instagram.com\/nogalia_confiteria_fina\/"]}]}},"_links":{"self":[{"href":"https:\/\/testing.vps101551.mylogin.co\/nogalia21\/wp-json\/wp\/v2\/pages\/110","targetHints":{"allow":["GET"]}}],"collection":[{"href":"https:\/\/testing.vps101551.mylogin.co\/nogalia21\/wp-json\/wp\/v2\/pages"}],"about":[{"href":"https:\/\/testing.vps101551.mylogin.co\/nogalia21\/wp-json\/wp\/v2\/types\/page"}],"author":[{"embeddable":true,"href":"https:\/\/testing.vps101551.mylogin.co\/nogalia21\/wp-json\/wp\/v2\/users\/1"}],"replies":[{"embeddable":true,"href":"https:\/\/testing.vps101551.mylogin.co\/nogalia21\/wp-json\/wp\/v2\/comments?post=110"}],"version-history":[{"count":0,"href":"https:\/\/testing.vps101551.mylogin.co\/nogalia21\/wp-json\/wp\/v2\/pages\/110\/revisions"}],"up":[{"embeddable":true,"href":"https:\/\/testing.vps101551.mylogin.co\/nogalia21\/wp-json\/wp\/v2\/pages\/106"}],"wp:attachment":[{"href":"https:\/\/testing.vps101551.mylogin.co\/nogalia21\/wp-json\/wp\/v2\/media?parent=110"}],"curies":[{"name":"wp","href":"https:\/\/api.w.org\/{rel}","templated":true}]}}