{"id":470,"date":"2021-08-05T15:27:13","date_gmt":"2021-08-05T20:27:13","guid":{"rendered":"https:\/\/testing.vps101551.mylogin.co\/nogalia21\/?page_id=470"},"modified":"2021-08-05T15:45:15","modified_gmt":"2021-08-05T20:45:15","slug":"inicio","status":"publish","type":"page","link":"https:\/\/testing.vps101551.mylogin.co\/nogalia21\/","title":{"rendered":"Inicio"},"content":{"rendered":"","protected":false},"excerpt":{"rendered":"","protected":false},"author":1,"featured_media":0,"parent":0,"menu_order":0,"comment_status":"closed","ping_status":"closed","template":"","meta":{"footnotes":""},"class_list":["grid-item","post-470","page","type-page","status-publish","hentry"],"yoast_head":"<!-- This site is optimized with the Yoast SEO plugin v27.4 - https:\/\/yoast.com\/product\/yoast-seo-wordpress\/ -->\n<title>Tienda en l\u00ednea &#187; Nogalia.com.mx - Confiter\u00eda Fina<\/title>\n<meta name=\"description\" content=\"Somos fabricantes de confiter\u00eda fina y vendemos dulces gourmet. Paga en l\u00ednea o al recoger tu pedido en sucursales. Env\u00edos a todo M\u00e9xico.\" \/>\n<meta name=\"robots\" content=\"noindex, follow, max-snippet:-1, max-image-preview:large, max-video-preview:-1\" \/>\n<meta property=\"og:locale\" content=\"es_MX\" \/>\n<meta property=\"og:type\" content=\"article\" \/>\n<meta property=\"og:title\" content=\"Tienda en l\u00ednea Nogalia - Confiter\u00eda Fina\" \/>\n<meta property=\"og:description\" content=\"Somos fabricantes de confiter\u00eda fina y vendemos dulces gourmet. Paga en l\u00ednea o al recoger tu pedido en sucursales. Env\u00edos a todo M\u00e9xico. Ofrecemos una amplia gama y experiencias de sabor.\" \/>\n<meta property=\"og:url\" content=\"https:\/\/testing.vps101551.mylogin.co\/nogalia21\/\" \/>\n<meta property=\"og:site_name\" content=\"Nogalia\" \/>\n<meta property=\"article:publisher\" content=\"https:\/\/www.facebook.com\/Nogaliaconfiteria\" \/>\n<meta property=\"article:modified_time\" content=\"2021-08-05T20:45:15+00:00\" \/>\n<meta name=\"twitter:card\" content=\"summary_large_image\" \/>\n<meta name=\"twitter:title\" content=\"Tienda en l\u00ednea Nogalia - Confiter\u00eda Fina\" \/>\n<meta name=\"twitter:description\" content=\"Somos fabricantes de confiter\u00eda fina y vendemos dulces gourmet. Paga en l\u00ednea o al recoger tu pedido en sucursales. Env\u00edos a todo M\u00e9xico. Ofrecemos una amplia gama y experiencias de sabor.\" \/>\n<script type=\"application\/ld+json\" class=\"yoast-schema-graph\">{\"@context\":\"https:\\\/\\\/schema.org\",\"@graph\":[{\"@type\":\"WebPage\",\"@id\":\"https:\\\/\\\/testing.vps101551.mylogin.co\\\/nogalia21\\\/\",\"url\":\"https:\\\/\\\/testing.vps101551.mylogin.co\\\/nogalia21\\\/\",\"name\":\"Tienda en l\u00ednea &#187; Nogalia.com.mx - Confiter\u00eda Fina\",\"isPartOf\":{\"@id\":\"https:\\\/\\\/testing.vps101551.mylogin.co\\\/nogalia21\\\/#website\"},\"datePublished\":\"2021-08-05T20:27:13+00:00\",\"dateModified\":\"2021-08-05T20:45:15+00:00\",\"description\":\"Somos fabricantes de confiter\u00eda fina y vendemos dulces gourmet. Paga en l\u00ednea o al recoger tu pedido en sucursales. Env\u00edos a todo M\u00e9xico.\",\"breadcrumb\":{\"@id\":\"https:\\\/\\\/testing.vps101551.mylogin.co\\\/nogalia21\\\/#breadcrumb\"},\"inLanguage\":\"es\",\"potentialAction\":[{\"@type\":\"ReadAction\",\"target\":[\"https:\\\/\\\/testing.vps101551.mylogin.co\\\/nogalia21\\\/\"]}]},{\"@type\":\"BreadcrumbList\",\"@id\":\"https:\\\/\\\/testing.vps101551.mylogin.co\\\/nogalia21\\\/#breadcrumb\",\"itemListElement\":[{\"@type\":\"ListItem\",\"position\":1,\"name\":\"Inicio\",\"item\":\"https:\\\/\\\/testing.vps101551.mylogin.co\\\/nogalia21\\\/\"},{\"@type\":\"ListItem\",\"position\":2,\"name\":\"Inicio\"}]},{\"@type\":\"WebSite\",\"@id\":\"https:\\\/\\\/testing.vps101551.mylogin.co\\\/nogalia21\\\/#website\",\"url\":\"https:\\\/\\\/testing.vps101551.mylogin.co\\\/nogalia21\\\/\",\"name\":\"Nogalia\",\"description\":\"Confiter\u00eda fina\",\"publisher\":{\"@id\":\"https:\\\/\\\/testing.vps101551.mylogin.co\\\/nogalia21\\\/#organization\"},\"potentialAction\":[{\"@type\":\"SearchAction\",\"target\":{\"@type\":\"EntryPoint\",\"urlTemplate\":\"https:\\\/\\\/testing.vps101551.mylogin.co\\\/nogalia21\\\/?s={search_term_string}\"},\"query-input\":{\"@type\":\"PropertyValueSpecification\",\"valueRequired\":true,\"valueName\":\"search_term_string\"}}],\"inLanguage\":\"es\"},{\"@type\":\"Organization\",\"@id\":\"https:\\\/\\\/testing.vps101551.mylogin.co\\\/nogalia21\\\/#organization\",\"name\":\"Nogalia\",\"url\":\"https:\\\/\\\/testing.vps101551.mylogin.co\\\/nogalia21\\\/\",\"logo\":{\"@type\":\"ImageObject\",\"inLanguage\":\"es\",\"@id\":\"https:\\\/\\\/testing.vps101551.mylogin.co\\\/nogalia21\\\/#\\\/schema\\\/logo\\\/image\\\/\",\"url\":\"https:\\\/\\\/testing.vps101551.mylogin.co\\\/nogalia21\\\/wp-content\\\/uploads\\\/2021\\\/08\\\/nogalia-rosa.png\",\"contentUrl\":\"https:\\\/\\\/testing.vps101551.mylogin.co\\\/nogalia21\\\/wp-content\\\/uploads\\\/2021\\\/08\\\/nogalia-rosa.png\",\"width\":150,\"height\":151,\"caption\":\"Nogalia\"},\"image\":{\"@id\":\"https:\\\/\\\/testing.vps101551.mylogin.co\\\/nogalia21\\\/#\\\/schema\\\/logo\\\/image\\\/\"},\"sameAs\":[\"https:\\\/\\\/www.facebook.com\\\/Nogaliaconfiteria\",\"https:\\\/\\\/www.instagram.com\\\/nogalia_confiteria_fina\\\/\"]}]}<\/script>\n<!-- \/ Yoast SEO plugin. -->","yoast_head_json":{"title":"Tienda en l\u00ednea &#187; Nogalia.com.mx - Confiter\u00eda Fina","description":"Somos fabricantes de confiter\u00eda fina y vendemos dulces gourmet. Paga en l\u00ednea o al recoger tu pedido en sucursales. Env\u00edos a todo M\u00e9xico.","robots":{"index":"noindex","follow":"follow","max-snippet":"max-snippet:-1","max-image-preview":"max-image-preview:large","max-video-preview":"max-video-preview:-1"},"og_locale":"es_MX","og_type":"article","og_title":"Tienda en l\u00ednea Nogalia - Confiter\u00eda Fina","og_description":"Somos fabricantes de confiter\u00eda fina y vendemos dulces gourmet. Paga en l\u00ednea o al recoger tu pedido en sucursales. Env\u00edos a todo M\u00e9xico. Ofrecemos una amplia gama y experiencias de sabor.","og_url":"https:\/\/testing.vps101551.mylogin.co\/nogalia21\/","og_site_name":"Nogalia","article_publisher":"https:\/\/www.facebook.com\/Nogaliaconfiteria","article_modified_time":"2021-08-05T20:45:15+00:00","twitter_card":"summary_large_image","twitter_title":"Tienda en l\u00ednea Nogalia - Confiter\u00eda Fina","twitter_description":"Somos fabricantes de confiter\u00eda fina y vendemos dulces gourmet. Paga en l\u00ednea o al recoger tu pedido en sucursales. Env\u00edos a todo M\u00e9xico. Ofrecemos una amplia gama y experiencias de sabor.","schema":{"@context":"https:\/\/schema.org","@graph":[{"@type":"WebPage","@id":"https:\/\/testing.vps101551.mylogin.co\/nogalia21\/","url":"https:\/\/testing.vps101551.mylogin.co\/nogalia21\/","name":"Tienda en l\u00ednea &#187; Nogalia.com.mx - Confiter\u00eda Fina","isPartOf":{"@id":"https:\/\/testing.vps101551.mylogin.co\/nogalia21\/#website"},"datePublished":"2021-08-05T20:27:13+00:00","dateModified":"2021-08-05T20:45:15+00:00","description":"Somos fabricantes de confiter\u00eda fina y vendemos dulces gourmet. Paga en l\u00ednea o al recoger tu pedido en sucursales. Env\u00edos a todo M\u00e9xico.","breadcrumb":{"@id":"https:\/\/testing.vps101551.mylogin.co\/nogalia21\/#breadcrumb"},"inLanguage":"es","potentialAction":[{"@type":"ReadAction","target":["https:\/\/testing.vps101551.mylogin.co\/nogalia21\/"]}]},{"@type":"BreadcrumbList","@id":"https:\/\/testing.vps101551.mylogin.co\/nogalia21\/#breadcrumb","itemListElement":[{"@type":"ListItem","position":1,"name":"Inicio","item":"https:\/\/testing.vps101551.mylogin.co\/nogalia21\/"},{"@type":"ListItem","position":2,"name":"Inicio"}]},{"@type":"WebSite","@id":"https:\/\/testing.vps101551.mylogin.co\/nogalia21\/#website","url":"https:\/\/testing.vps101551.mylogin.co\/nogalia21\/","name":"Nogalia","description":"Confiter\u00eda fina","publisher":{"@id":"https:\/\/testing.vps101551.mylogin.co\/nogalia21\/#organization"},"potentialAction":[{"@type":"SearchAction","target":{"@type":"EntryPoint","urlTemplate":"https:\/\/testing.vps101551.mylogin.co\/nogalia21\/?s={search_term_string}"},"query-input":{"@type":"PropertyValueSpecification","valueRequired":true,"valueName":"search_term_string"}}],"inLanguage":"es"},{"@type":"Organization","@id":"https:\/\/testing.vps101551.mylogin.co\/nogalia21\/#organization","name":"Nogalia","url":"https:\/\/testing.vps101551.mylogin.co\/nogalia21\/","logo":{"@type":"ImageObject","inLanguage":"es","@id":"https:\/\/testing.vps101551.mylogin.co\/nogalia21\/#\/schema\/logo\/image\/","url":"https:\/\/testing.vps101551.mylogin.co\/nogalia21\/wp-content\/uploads\/2021\/08\/nogalia-rosa.png","contentUrl":"https:\/\/testing.vps101551.mylogin.co\/nogalia21\/wp-content\/uploads\/2021\/08\/nogalia-rosa.png","width":150,"height":151,"caption":"Nogalia"},"image":{"@id":"https:\/\/testing.vps101551.mylogin.co\/nogalia21\/#\/schema\/logo\/image\/"},"sameAs":["https:\/\/www.facebook.com\/Nogaliaconfiteria","https:\/\/www.instagram.com\/nogalia_confiteria_fina\/"]}]}},"_links":{"self":[{"href":"https:\/\/testing.vps101551.mylogin.co\/nogalia21\/wp-json\/wp\/v2\/pages\/470","targetHints":{"allow":["GET"]}}],"collection":[{"href":"https:\/\/testing.vps101551.mylogin.co\/nogalia21\/wp-json\/wp\/v2\/pages"}],"about":[{"href":"https:\/\/testing.vps101551.mylogin.co\/nogalia21\/wp-json\/wp\/v2\/types\/page"}],"author":[{"embeddable":true,"href":"https:\/\/testing.vps101551.mylogin.co\/nogalia21\/wp-json\/wp\/v2\/users\/1"}],"replies":[{"embeddable":true,"href":"https:\/\/testing.vps101551.mylogin.co\/nogalia21\/wp-json\/wp\/v2\/comments?post=470"}],"version-history":[{"count":0,"href":"https:\/\/testing.vps101551.mylogin.co\/nogalia21\/wp-json\/wp\/v2\/pages\/470\/revisions"}],"wp:attachment":[{"href":"https:\/\/testing.vps101551.mylogin.co\/nogalia21\/wp-json\/wp\/v2\/media?parent=470"}],"curies":[{"name":"wp","href":"https:\/\/api.w.org\/{rel}","templated":true}]}}