{"id":7,"date":"2020-06-06T17:17:02","date_gmt":"2020-06-06T22:17:02","guid":{"rendered":"http:\/\/testing.compilaideas.com\/nogalia\/carrito\/"},"modified":"2021-07-27T23:19:42","modified_gmt":"2021-07-28T04:19:42","slug":"carrito","status":"publish","type":"page","link":"https:\/\/testing.vps101551.mylogin.co\/nogalia21\/tienda-en-linea\/carrito\/","title":{"rendered":"Carrito"},"content":{"rendered":"\n<p style=\"font-size:10px\"><strong>Entregas en Le\u00f3n: <\/strong>Lunes a s\u00e1bado. Para entregas el mismo d\u00eda pide antes de las 11.00 am y recibe antes de las 2:30 pm. Pedidos recibidos despu\u00e9s de las 11:00 se entregan d\u00eda siguiente en horario de 10 am a 2:30 pm.<\/p>\n\n\n\n<p style=\"font-size:10px\"><strong>Env\u00edos nacionales:<\/strong> Lunes a jueves. Compras emitidas antes de las 1:00 pm se env\u00eda un d\u00eda siguiente ya realizada la compra. Compras emitidas despu\u00e9s de la 1:00 pm el env\u00edo se realiza en el lapso de 48 hrs. Compras efectuadas en viernes, s\u00e1bado o domingo reciba a partir del martes d\u00eda h\u00e1bil.<\/p>\n\n\n\n\n\n\n<div style=\"height:100px\" aria-hidden=\"true\" class=\"wp-block-spacer\"><\/div>\n","protected":false},"excerpt":{"rendered":"<p>Entregas en Le\u00f3n: Lunes a s\u00e1bado. Para entregas el mismo d\u00eda pide antes de las 11.00 am y recibe antes de las 2:30 pm. Pedidos recibidos despu\u00e9s de las 11:00 se entregan d\u00eda siguiente en horario de 10 am a 2:30 pm. Env\u00edos nacionales: Lunes a jueves. Compras emitidas antes de las 1:00 pm se [&hellip;]<\/p>\n","protected":false},"author":1,"featured_media":0,"parent":6,"menu_order":0,"comment_status":"closed","ping_status":"closed","template":"","meta":{"footnotes":""},"class_list":["grid-item","post-7","page","type-page","status-publish","hentry"],"yoast_head":"<!-- This site is optimized with the Yoast SEO plugin v27.4 - https:\/\/yoast.com\/product\/yoast-seo-wordpress\/ -->\n<title>Carrito &#187; Nogalia<\/title>\n<meta name=\"robots\" content=\"noindex, follow, max-snippet:-1, max-image-preview:large, max-video-preview:-1\" \/>\n<meta property=\"og:locale\" content=\"es_MX\" \/>\n<meta property=\"og:type\" content=\"article\" \/>\n<meta property=\"og:title\" content=\"Carrito &#187; Nogalia\" \/>\n<meta property=\"og:description\" content=\"Entregas en Le\u00f3n: Lunes a s\u00e1bado. Para entregas el mismo d\u00eda pide antes de las 11.00 am y recibe antes de las 2:30 pm. Pedidos recibidos despu\u00e9s de las 11:00 se entregan d\u00eda siguiente en horario de 10 am a 2:30 pm. Env\u00edos nacionales: Lunes a jueves. Compras emitidas antes de las 1:00 pm se [&hellip;]\" \/>\n<meta property=\"og:url\" content=\"https:\/\/testing.vps101551.mylogin.co\/nogalia21\/tienda-en-linea\/carrito\/\" \/>\n<meta property=\"og:site_name\" content=\"Nogalia\" \/>\n<meta property=\"article:publisher\" content=\"https:\/\/www.facebook.com\/Nogaliaconfiteria\" \/>\n<meta property=\"article:modified_time\" content=\"2021-07-28T04:19:42+00:00\" \/>\n<meta name=\"twitter:card\" content=\"summary_large_image\" \/>\n<meta name=\"twitter:label1\" content=\"Tiempo de lectura\" \/>\n\t<meta name=\"twitter:data1\" content=\"1 minuto\" \/>\n<script type=\"application\/ld+json\" class=\"yoast-schema-graph\">{\"@context\":\"https:\\\/\\\/schema.org\",\"@graph\":[{\"@type\":\"WebPage\",\"@id\":\"https:\\\/\\\/testing.vps101551.mylogin.co\\\/nogalia21\\\/tienda-en-linea\\\/carrito\\\/\",\"url\":\"https:\\\/\\\/testing.vps101551.mylogin.co\\\/nogalia21\\\/tienda-en-linea\\\/carrito\\\/\",\"name\":\"Carrito &#187; Nogalia\",\"isPartOf\":{\"@id\":\"https:\\\/\\\/testing.vps101551.mylogin.co\\\/nogalia21\\\/#website\"},\"datePublished\":\"2020-06-06T22:17:02+00:00\",\"dateModified\":\"2021-07-28T04:19:42+00:00\",\"breadcrumb\":{\"@id\":\"https:\\\/\\\/testing.vps101551.mylogin.co\\\/nogalia21\\\/tienda-en-linea\\\/carrito\\\/#breadcrumb\"},\"inLanguage\":\"es\",\"potentialAction\":[{\"@type\":\"ReadAction\",\"target\":[\"https:\\\/\\\/testing.vps101551.mylogin.co\\\/nogalia21\\\/tienda-en-linea\\\/carrito\\\/\"]}]},{\"@type\":\"BreadcrumbList\",\"@id\":\"https:\\\/\\\/testing.vps101551.mylogin.co\\\/nogalia21\\\/tienda-en-linea\\\/carrito\\\/#breadcrumb\",\"itemListElement\":[{\"@type\":\"ListItem\",\"position\":1,\"name\":\"Inicio\",\"item\":\"https:\\\/\\\/testing.vps101551.mylogin.co\\\/nogalia21\\\/\"},{\"@type\":\"ListItem\",\"position\":2,\"name\":\"Tienda en l\u00ednea\",\"item\":\"https:\\\/\\\/testing.vps101551.mylogin.co\\\/nogalia21\\\/tienda-en-linea\\\/\"},{\"@type\":\"ListItem\",\"position\":3,\"name\":\"Carrito\"}]},{\"@type\":\"WebSite\",\"@id\":\"https:\\\/\\\/testing.vps101551.mylogin.co\\\/nogalia21\\\/#website\",\"url\":\"https:\\\/\\\/testing.vps101551.mylogin.co\\\/nogalia21\\\/\",\"name\":\"Nogalia\",\"description\":\"Confiter\u00eda fina\",\"publisher\":{\"@id\":\"https:\\\/\\\/testing.vps101551.mylogin.co\\\/nogalia21\\\/#organization\"},\"potentialAction\":[{\"@type\":\"SearchAction\",\"target\":{\"@type\":\"EntryPoint\",\"urlTemplate\":\"https:\\\/\\\/testing.vps101551.mylogin.co\\\/nogalia21\\\/?s={search_term_string}\"},\"query-input\":{\"@type\":\"PropertyValueSpecification\",\"valueRequired\":true,\"valueName\":\"search_term_string\"}}],\"inLanguage\":\"es\"},{\"@type\":\"Organization\",\"@id\":\"https:\\\/\\\/testing.vps101551.mylogin.co\\\/nogalia21\\\/#organization\",\"name\":\"Nogalia\",\"url\":\"https:\\\/\\\/testing.vps101551.mylogin.co\\\/nogalia21\\\/\",\"logo\":{\"@type\":\"ImageObject\",\"inLanguage\":\"es\",\"@id\":\"https:\\\/\\\/testing.vps101551.mylogin.co\\\/nogalia21\\\/#\\\/schema\\\/logo\\\/image\\\/\",\"url\":\"https:\\\/\\\/testing.vps101551.mylogin.co\\\/nogalia21\\\/wp-content\\\/uploads\\\/2021\\\/08\\\/nogalia-rosa.png\",\"contentUrl\":\"https:\\\/\\\/testing.vps101551.mylogin.co\\\/nogalia21\\\/wp-content\\\/uploads\\\/2021\\\/08\\\/nogalia-rosa.png\",\"width\":150,\"height\":151,\"caption\":\"Nogalia\"},\"image\":{\"@id\":\"https:\\\/\\\/testing.vps101551.mylogin.co\\\/nogalia21\\\/#\\\/schema\\\/logo\\\/image\\\/\"},\"sameAs\":[\"https:\\\/\\\/www.facebook.com\\\/Nogaliaconfiteria\",\"https:\\\/\\\/www.instagram.com\\\/nogalia_confiteria_fina\\\/\"]}]}<\/script>\n<!-- \/ Yoast SEO plugin. -->","yoast_head_json":{"title":"Carrito &#187; Nogalia","robots":{"index":"noindex","follow":"follow","max-snippet":"max-snippet:-1","max-image-preview":"max-image-preview:large","max-video-preview":"max-video-preview:-1"},"og_locale":"es_MX","og_type":"article","og_title":"Carrito &#187; Nogalia","og_description":"Entregas en Le\u00f3n: Lunes a s\u00e1bado. Para entregas el mismo d\u00eda pide antes de las 11.00 am y recibe antes de las 2:30 pm. Pedidos recibidos despu\u00e9s de las 11:00 se entregan d\u00eda siguiente en horario de 10 am a 2:30 pm. Env\u00edos nacionales: Lunes a jueves. Compras emitidas antes de las 1:00 pm se [&hellip;]","og_url":"https:\/\/testing.vps101551.mylogin.co\/nogalia21\/tienda-en-linea\/carrito\/","og_site_name":"Nogalia","article_publisher":"https:\/\/www.facebook.com\/Nogaliaconfiteria","article_modified_time":"2021-07-28T04:19:42+00:00","twitter_card":"summary_large_image","twitter_misc":{"Tiempo de lectura":"1 minuto"},"schema":{"@context":"https:\/\/schema.org","@graph":[{"@type":"WebPage","@id":"https:\/\/testing.vps101551.mylogin.co\/nogalia21\/tienda-en-linea\/carrito\/","url":"https:\/\/testing.vps101551.mylogin.co\/nogalia21\/tienda-en-linea\/carrito\/","name":"Carrito &#187; Nogalia","isPartOf":{"@id":"https:\/\/testing.vps101551.mylogin.co\/nogalia21\/#website"},"datePublished":"2020-06-06T22:17:02+00:00","dateModified":"2021-07-28T04:19:42+00:00","breadcrumb":{"@id":"https:\/\/testing.vps101551.mylogin.co\/nogalia21\/tienda-en-linea\/carrito\/#breadcrumb"},"inLanguage":"es","potentialAction":[{"@type":"ReadAction","target":["https:\/\/testing.vps101551.mylogin.co\/nogalia21\/tienda-en-linea\/carrito\/"]}]},{"@type":"BreadcrumbList","@id":"https:\/\/testing.vps101551.mylogin.co\/nogalia21\/tienda-en-linea\/carrito\/#breadcrumb","itemListElement":[{"@type":"ListItem","position":1,"name":"Inicio","item":"https:\/\/testing.vps101551.mylogin.co\/nogalia21\/"},{"@type":"ListItem","position":2,"name":"Tienda en l\u00ednea","item":"https:\/\/testing.vps101551.mylogin.co\/nogalia21\/tienda-en-linea\/"},{"@type":"ListItem","position":3,"name":"Carrito"}]},{"@type":"WebSite","@id":"https:\/\/testing.vps101551.mylogin.co\/nogalia21\/#website","url":"https:\/\/testing.vps101551.mylogin.co\/nogalia21\/","name":"Nogalia","description":"Confiter\u00eda fina","publisher":{"@id":"https:\/\/testing.vps101551.mylogin.co\/nogalia21\/#organization"},"potentialAction":[{"@type":"SearchAction","target":{"@type":"EntryPoint","urlTemplate":"https:\/\/testing.vps101551.mylogin.co\/nogalia21\/?s={search_term_string}"},"query-input":{"@type":"PropertyValueSpecification","valueRequired":true,"valueName":"search_term_string"}}],"inLanguage":"es"},{"@type":"Organization","@id":"https:\/\/testing.vps101551.mylogin.co\/nogalia21\/#organization","name":"Nogalia","url":"https:\/\/testing.vps101551.mylogin.co\/nogalia21\/","logo":{"@type":"ImageObject","inLanguage":"es","@id":"https:\/\/testing.vps101551.mylogin.co\/nogalia21\/#\/schema\/logo\/image\/","url":"https:\/\/testing.vps101551.mylogin.co\/nogalia21\/wp-content\/uploads\/2021\/08\/nogalia-rosa.png","contentUrl":"https:\/\/testing.vps101551.mylogin.co\/nogalia21\/wp-content\/uploads\/2021\/08\/nogalia-rosa.png","width":150,"height":151,"caption":"Nogalia"},"image":{"@id":"https:\/\/testing.vps101551.mylogin.co\/nogalia21\/#\/schema\/logo\/image\/"},"sameAs":["https:\/\/www.facebook.com\/Nogaliaconfiteria","https:\/\/www.instagram.com\/nogalia_confiteria_fina\/"]}]}},"_links":{"self":[{"href":"https:\/\/testing.vps101551.mylogin.co\/nogalia21\/wp-json\/wp\/v2\/pages\/7","targetHints":{"allow":["GET"]}}],"collection":[{"href":"https:\/\/testing.vps101551.mylogin.co\/nogalia21\/wp-json\/wp\/v2\/pages"}],"about":[{"href":"https:\/\/testing.vps101551.mylogin.co\/nogalia21\/wp-json\/wp\/v2\/types\/page"}],"author":[{"embeddable":true,"href":"https:\/\/testing.vps101551.mylogin.co\/nogalia21\/wp-json\/wp\/v2\/users\/1"}],"replies":[{"embeddable":true,"href":"https:\/\/testing.vps101551.mylogin.co\/nogalia21\/wp-json\/wp\/v2\/comments?post=7"}],"version-history":[{"count":0,"href":"https:\/\/testing.vps101551.mylogin.co\/nogalia21\/wp-json\/wp\/v2\/pages\/7\/revisions"}],"up":[{"embeddable":true,"href":"https:\/\/testing.vps101551.mylogin.co\/nogalia21\/wp-json\/wp\/v2\/pages\/6"}],"wp:attachment":[{"href":"https:\/\/testing.vps101551.mylogin.co\/nogalia21\/wp-json\/wp\/v2\/media?parent=7"}],"curies":[{"name":"wp","href":"https:\/\/api.w.org\/{rel}","templated":true}]}}