{"id":941,"date":"2023-08-14T03:29:19","date_gmt":"2023-08-14T08:29:19","guid":{"rendered":"https:\/\/testing.vps101551.mylogin.co\/nogalia21\/?post_type=product&#038;p=941"},"modified":"2023-08-14T03:29:20","modified_gmt":"2023-08-14T08:29:20","slug":"avellanas-tostadas-con-chocolate-amargo-cacao","status":"publish","type":"product","link":"https:\/\/testing.vps101551.mylogin.co\/nogalia21\/avellanas-tostadas-con-chocolate-amargo-cacao\/","title":{"rendered":"Avellanas tostadas con chocolate amargo cacao"},"content":{"rendered":"","protected":false},"excerpt":{"rendered":"","protected":false},"featured_media":942,"template":"","meta":{"footnotes":""},"product_cat":[139,21,140],"product_tag":[],"class_list":["grid-item","post-941","product","type-product","status-publish","has-post-thumbnail","hentry","product_cat-2023-abril","product_cat-chocolates","product_cat-chocolates-con-azucar"],"yoast_head":"<!-- This site is optimized with the Yoast SEO plugin v27.4 - https:\/\/yoast.com\/product\/yoast-seo-wordpress\/ -->\n<title>Avellanas tostadas con chocolate amargo cacao &#187; Nogalia - Tienda en L\u00ednea<\/title>\n<meta name=\"description\" content=\"Env\u00edos a todo M\u00e9xico.\" \/>\n<meta name=\"robots\" content=\"noindex, follow, max-snippet:-1, max-image-preview:large, max-video-preview:-1\" \/>\n<meta property=\"og:locale\" content=\"es_MX\" \/>\n<meta property=\"og:type\" content=\"article\" \/>\n<meta property=\"og:title\" content=\"Avellanas tostadas con chocolate amargo cacao &#187; Nogalia - Tienda en L\u00ednea\" \/>\n<meta property=\"og:description\" content=\"Env\u00edos a todo M\u00e9xico.\" \/>\n<meta property=\"og:url\" content=\"https:\/\/testing.vps101551.mylogin.co\/nogalia21\/avellanas-tostadas-con-chocolate-amargo-cacao\/\" \/>\n<meta property=\"og:site_name\" content=\"Nogalia\" \/>\n<meta property=\"article:publisher\" content=\"https:\/\/www.facebook.com\/Nogaliaconfiteria\" \/>\n<meta property=\"article:modified_time\" content=\"2023-08-14T08:29:20+00:00\" \/>\n<meta property=\"og:image\" content=\"https:\/\/testing.vps101551.mylogin.co\/nogalia21\/wp-content\/uploads\/2023\/08\/avellanas-tostadas-con-chocolate-amargo-cacao-001.webp\" \/>\n\t<meta property=\"og:image:width\" content=\"900\" \/>\n\t<meta property=\"og:image:height\" content=\"900\" \/>\n\t<meta property=\"og:image:type\" content=\"image\/webp\" \/>\n<meta name=\"twitter:card\" content=\"summary_large_image\" \/>\n<script type=\"application\/ld+json\" class=\"yoast-schema-graph\">{\"@context\":\"https:\\\/\\\/schema.org\",\"@graph\":[{\"@type\":\"WebPage\",\"@id\":\"https:\\\/\\\/testing.vps101551.mylogin.co\\\/nogalia21\\\/avellanas-tostadas-con-chocolate-amargo-cacao\\\/\",\"url\":\"https:\\\/\\\/testing.vps101551.mylogin.co\\\/nogalia21\\\/avellanas-tostadas-con-chocolate-amargo-cacao\\\/\",\"name\":\"Avellanas tostadas con chocolate amargo cacao &#187; Nogalia - Tienda en L\u00ednea\",\"isPartOf\":{\"@id\":\"https:\\\/\\\/testing.vps101551.mylogin.co\\\/nogalia21\\\/#website\"},\"primaryImageOfPage\":{\"@id\":\"https:\\\/\\\/testing.vps101551.mylogin.co\\\/nogalia21\\\/avellanas-tostadas-con-chocolate-amargo-cacao\\\/#primaryimage\"},\"image\":{\"@id\":\"https:\\\/\\\/testing.vps101551.mylogin.co\\\/nogalia21\\\/avellanas-tostadas-con-chocolate-amargo-cacao\\\/#primaryimage\"},\"thumbnailUrl\":\"https:\\\/\\\/testing.vps101551.mylogin.co\\\/nogalia21\\\/wp-content\\\/uploads\\\/2023\\\/08\\\/avellanas-tostadas-con-chocolate-amargo-cacao-001.webp\",\"datePublished\":\"2023-08-14T08:29:19+00:00\",\"dateModified\":\"2023-08-14T08:29:20+00:00\",\"description\":\"Env\u00edos a todo M\u00e9xico.\",\"breadcrumb\":{\"@id\":\"https:\\\/\\\/testing.vps101551.mylogin.co\\\/nogalia21\\\/avellanas-tostadas-con-chocolate-amargo-cacao\\\/#breadcrumb\"},\"inLanguage\":\"es\",\"potentialAction\":[{\"@type\":\"ReadAction\",\"target\":[\"https:\\\/\\\/testing.vps101551.mylogin.co\\\/nogalia21\\\/avellanas-tostadas-con-chocolate-amargo-cacao\\\/\"]}]},{\"@type\":\"ImageObject\",\"inLanguage\":\"es\",\"@id\":\"https:\\\/\\\/testing.vps101551.mylogin.co\\\/nogalia21\\\/avellanas-tostadas-con-chocolate-amargo-cacao\\\/#primaryimage\",\"url\":\"https:\\\/\\\/testing.vps101551.mylogin.co\\\/nogalia21\\\/wp-content\\\/uploads\\\/2023\\\/08\\\/avellanas-tostadas-con-chocolate-amargo-cacao-001.webp\",\"contentUrl\":\"https:\\\/\\\/testing.vps101551.mylogin.co\\\/nogalia21\\\/wp-content\\\/uploads\\\/2023\\\/08\\\/avellanas-tostadas-con-chocolate-amargo-cacao-001.webp\",\"width\":900,\"height\":900},{\"@type\":\"BreadcrumbList\",\"@id\":\"https:\\\/\\\/testing.vps101551.mylogin.co\\\/nogalia21\\\/avellanas-tostadas-con-chocolate-amargo-cacao\\\/#breadcrumb\",\"itemListElement\":[{\"@type\":\"ListItem\",\"position\":1,\"name\":\"Inicio\",\"item\":\"https:\\\/\\\/testing.vps101551.mylogin.co\\\/nogalia21\\\/\"},{\"@type\":\"ListItem\",\"position\":2,\"name\":\"Tienda en l\u00ednea\",\"item\":\"https:\\\/\\\/testing.vps101551.mylogin.co\\\/nogalia21\\\/tienda-en-linea\\\/\"},{\"@type\":\"ListItem\",\"position\":3,\"name\":\"Chocolates\",\"item\":\"https:\\\/\\\/testing.vps101551.mylogin.co\\\/nogalia21\\\/product-category\\\/chocolates\\\/\"},{\"@type\":\"ListItem\",\"position\":4,\"name\":\"Avellanas tostadas con chocolate amargo cacao\"}]},{\"@type\":\"WebSite\",\"@id\":\"https:\\\/\\\/testing.vps101551.mylogin.co\\\/nogalia21\\\/#website\",\"url\":\"https:\\\/\\\/testing.vps101551.mylogin.co\\\/nogalia21\\\/\",\"name\":\"Nogalia\",\"description\":\"Confiter\u00eda fina\",\"publisher\":{\"@id\":\"https:\\\/\\\/testing.vps101551.mylogin.co\\\/nogalia21\\\/#organization\"},\"potentialAction\":[{\"@type\":\"SearchAction\",\"target\":{\"@type\":\"EntryPoint\",\"urlTemplate\":\"https:\\\/\\\/testing.vps101551.mylogin.co\\\/nogalia21\\\/?s={search_term_string}\"},\"query-input\":{\"@type\":\"PropertyValueSpecification\",\"valueRequired\":true,\"valueName\":\"search_term_string\"}}],\"inLanguage\":\"es\"},{\"@type\":\"Organization\",\"@id\":\"https:\\\/\\\/testing.vps101551.mylogin.co\\\/nogalia21\\\/#organization\",\"name\":\"Nogalia\",\"url\":\"https:\\\/\\\/testing.vps101551.mylogin.co\\\/nogalia21\\\/\",\"logo\":{\"@type\":\"ImageObject\",\"inLanguage\":\"es\",\"@id\":\"https:\\\/\\\/testing.vps101551.mylogin.co\\\/nogalia21\\\/#\\\/schema\\\/logo\\\/image\\\/\",\"url\":\"https:\\\/\\\/testing.vps101551.mylogin.co\\\/nogalia21\\\/wp-content\\\/uploads\\\/2021\\\/08\\\/nogalia-rosa.png\",\"contentUrl\":\"https:\\\/\\\/testing.vps101551.mylogin.co\\\/nogalia21\\\/wp-content\\\/uploads\\\/2021\\\/08\\\/nogalia-rosa.png\",\"width\":150,\"height\":151,\"caption\":\"Nogalia\"},\"image\":{\"@id\":\"https:\\\/\\\/testing.vps101551.mylogin.co\\\/nogalia21\\\/#\\\/schema\\\/logo\\\/image\\\/\"},\"sameAs\":[\"https:\\\/\\\/www.facebook.com\\\/Nogaliaconfiteria\",\"https:\\\/\\\/www.instagram.com\\\/nogalia_confiteria_fina\\\/\"]}]}<\/script>\n<!-- \/ Yoast SEO plugin. -->","yoast_head_json":{"title":"Avellanas tostadas con chocolate amargo cacao &#187; Nogalia - Tienda en L\u00ednea","description":"Env\u00edos a todo M\u00e9xico.","robots":{"index":"noindex","follow":"follow","max-snippet":"max-snippet:-1","max-image-preview":"max-image-preview:large","max-video-preview":"max-video-preview:-1"},"og_locale":"es_MX","og_type":"article","og_title":"Avellanas tostadas con chocolate amargo cacao &#187; Nogalia - Tienda en L\u00ednea","og_description":"Env\u00edos a todo M\u00e9xico.","og_url":"https:\/\/testing.vps101551.mylogin.co\/nogalia21\/avellanas-tostadas-con-chocolate-amargo-cacao\/","og_site_name":"Nogalia","article_publisher":"https:\/\/www.facebook.com\/Nogaliaconfiteria","article_modified_time":"2023-08-14T08:29:20+00:00","og_image":[{"width":900,"height":900,"url":"https:\/\/testing.vps101551.mylogin.co\/nogalia21\/wp-content\/uploads\/2023\/08\/avellanas-tostadas-con-chocolate-amargo-cacao-001.webp","type":"image\/webp"}],"twitter_card":"summary_large_image","schema":{"@context":"https:\/\/schema.org","@graph":[{"@type":"WebPage","@id":"https:\/\/testing.vps101551.mylogin.co\/nogalia21\/avellanas-tostadas-con-chocolate-amargo-cacao\/","url":"https:\/\/testing.vps101551.mylogin.co\/nogalia21\/avellanas-tostadas-con-chocolate-amargo-cacao\/","name":"Avellanas tostadas con chocolate amargo cacao &#187; Nogalia - Tienda en L\u00ednea","isPartOf":{"@id":"https:\/\/testing.vps101551.mylogin.co\/nogalia21\/#website"},"primaryImageOfPage":{"@id":"https:\/\/testing.vps101551.mylogin.co\/nogalia21\/avellanas-tostadas-con-chocolate-amargo-cacao\/#primaryimage"},"image":{"@id":"https:\/\/testing.vps101551.mylogin.co\/nogalia21\/avellanas-tostadas-con-chocolate-amargo-cacao\/#primaryimage"},"thumbnailUrl":"https:\/\/testing.vps101551.mylogin.co\/nogalia21\/wp-content\/uploads\/2023\/08\/avellanas-tostadas-con-chocolate-amargo-cacao-001.webp","datePublished":"2023-08-14T08:29:19+00:00","dateModified":"2023-08-14T08:29:20+00:00","description":"Env\u00edos a todo M\u00e9xico.","breadcrumb":{"@id":"https:\/\/testing.vps101551.mylogin.co\/nogalia21\/avellanas-tostadas-con-chocolate-amargo-cacao\/#breadcrumb"},"inLanguage":"es","potentialAction":[{"@type":"ReadAction","target":["https:\/\/testing.vps101551.mylogin.co\/nogalia21\/avellanas-tostadas-con-chocolate-amargo-cacao\/"]}]},{"@type":"ImageObject","inLanguage":"es","@id":"https:\/\/testing.vps101551.mylogin.co\/nogalia21\/avellanas-tostadas-con-chocolate-amargo-cacao\/#primaryimage","url":"https:\/\/testing.vps101551.mylogin.co\/nogalia21\/wp-content\/uploads\/2023\/08\/avellanas-tostadas-con-chocolate-amargo-cacao-001.webp","contentUrl":"https:\/\/testing.vps101551.mylogin.co\/nogalia21\/wp-content\/uploads\/2023\/08\/avellanas-tostadas-con-chocolate-amargo-cacao-001.webp","width":900,"height":900},{"@type":"BreadcrumbList","@id":"https:\/\/testing.vps101551.mylogin.co\/nogalia21\/avellanas-tostadas-con-chocolate-amargo-cacao\/#breadcrumb","itemListElement":[{"@type":"ListItem","position":1,"name":"Inicio","item":"https:\/\/testing.vps101551.mylogin.co\/nogalia21\/"},{"@type":"ListItem","position":2,"name":"Tienda en l\u00ednea","item":"https:\/\/testing.vps101551.mylogin.co\/nogalia21\/tienda-en-linea\/"},{"@type":"ListItem","position":3,"name":"Chocolates","item":"https:\/\/testing.vps101551.mylogin.co\/nogalia21\/product-category\/chocolates\/"},{"@type":"ListItem","position":4,"name":"Avellanas tostadas con chocolate amargo cacao"}]},{"@type":"WebSite","@id":"https:\/\/testing.vps101551.mylogin.co\/nogalia21\/#website","url":"https:\/\/testing.vps101551.mylogin.co\/nogalia21\/","name":"Nogalia","description":"Confiter\u00eda fina","publisher":{"@id":"https:\/\/testing.vps101551.mylogin.co\/nogalia21\/#organization"},"potentialAction":[{"@type":"SearchAction","target":{"@type":"EntryPoint","urlTemplate":"https:\/\/testing.vps101551.mylogin.co\/nogalia21\/?s={search_term_string}"},"query-input":{"@type":"PropertyValueSpecification","valueRequired":true,"valueName":"search_term_string"}}],"inLanguage":"es"},{"@type":"Organization","@id":"https:\/\/testing.vps101551.mylogin.co\/nogalia21\/#organization","name":"Nogalia","url":"https:\/\/testing.vps101551.mylogin.co\/nogalia21\/","logo":{"@type":"ImageObject","inLanguage":"es","@id":"https:\/\/testing.vps101551.mylogin.co\/nogalia21\/#\/schema\/logo\/image\/","url":"https:\/\/testing.vps101551.mylogin.co\/nogalia21\/wp-content\/uploads\/2021\/08\/nogalia-rosa.png","contentUrl":"https:\/\/testing.vps101551.mylogin.co\/nogalia21\/wp-content\/uploads\/2021\/08\/nogalia-rosa.png","width":150,"height":151,"caption":"Nogalia"},"image":{"@id":"https:\/\/testing.vps101551.mylogin.co\/nogalia21\/#\/schema\/logo\/image\/"},"sameAs":["https:\/\/www.facebook.com\/Nogaliaconfiteria","https:\/\/www.instagram.com\/nogalia_confiteria_fina\/"]}]}},"_links":{"self":[{"href":"https:\/\/testing.vps101551.mylogin.co\/nogalia21\/wp-json\/wp\/v3\/product\/941","targetHints":{"allow":["GET"]}}],"collection":[{"href":"https:\/\/testing.vps101551.mylogin.co\/nogalia21\/wp-json\/wp\/v3\/product"}],"about":[{"href":"https:\/\/testing.vps101551.mylogin.co\/nogalia21\/wp-json\/wp\/v2\/types\/product"}],"version-history":[{"count":1,"href":"https:\/\/testing.vps101551.mylogin.co\/nogalia21\/wp-json\/wp\/v3\/product\/941\/revisions"}],"predecessor-version":[{"id":1072,"href":"https:\/\/testing.vps101551.mylogin.co\/nogalia21\/wp-json\/wp\/v3\/product\/941\/revisions\/1072"}],"wp:featuredmedia":[{"embeddable":true,"href":"https:\/\/testing.vps101551.mylogin.co\/nogalia21\/wp-json\/wp\/v2\/media\/942"}],"wp:attachment":[{"href":"https:\/\/testing.vps101551.mylogin.co\/nogalia21\/wp-json\/wp\/v2\/media?parent=941"}],"wp:term":[{"taxonomy":"product_cat","embeddable":true,"href":"https:\/\/testing.vps101551.mylogin.co\/nogalia21\/wp-json\/wp\/v2\/product_cat?post=941"},{"taxonomy":"product_tag","embeddable":true,"href":"https:\/\/testing.vps101551.mylogin.co\/nogalia21\/wp-json\/wp\/v2\/product_tag?post=941"}],"curies":[{"name":"wp","href":"https:\/\/api.w.org\/{rel}","templated":true}]}}